{"id":1009,"date":"2017-11-15T14:11:56","date_gmt":"2017-11-15T13:11:56","guid":{"rendered":"http:\/\/www.villa-palms.com\/?page_id=1009"},"modified":"2024-01-29T13:32:11","modified_gmt":"2024-01-29T12:32:11","slug":"ap5","status":"publish","type":"page","link":"http:\/\/www.villa-palms.com\/hr\/ap5\/","title":{"rendered":"Apartman 5 (4+1)"},"content":{"rendered":"\n<style type=\"text\/css\" data-created_by=\"avia_inline_auto\" id=\"style-css-av-av_section-80881c40bb991a91649ecf09354abdb3\">\n.avia-section.av-av_section-80881c40bb991a91649ecf09354abdb3{\nbackground-repeat:no-repeat;\nbackground-image:url(http:\/\/www.villa-palms.com\/wp-content\/uploads\/2015\/07\/Image_Palma_31.jpg);\nbackground-position:50% 100%;\nbackground-attachment:scroll;\n}\n<\/style>\n<div id='av_section_1'  class='avia-section av-av_section-80881c40bb991a91649ecf09354abdb3 main_color avia-section-default avia-no-shadow  avia-builder-el-0  el_before_av_section  avia-builder-el-first  avia-full-stretch avia-bg-style-scroll av-minimum-height av-minimum-height-custom  container_wrap fullsize'  data-section-bg-repeat='stretch'><div class='container av-section-cont-open' style='height:430px'><main  role=\"main\" itemprop=\"mainContentOfPage\"  class='template-page content  av-content-full alpha units'><div class='post-entry post-entry-type-page post-entry-1009'><div class='entry-content-wrapper clearfix'>\n<\/div><\/div><\/main><!-- close content main element --><\/div><\/div><div id='av_section_2'  class='avia-section av-av_section-a7f4b9f6c0fadca6ca6d08ca060d1099 main_color avia-section-default avia-no-border-styling  avia-builder-el-1  el_after_av_section  el_before_av_layout_row  avia-bg-style-scroll container_wrap fullsize'  ><div class='container av-section-cont-open' ><div class='template-page content  av-content-full alpha units'><div class='post-entry post-entry-type-page post-entry-1009'><div class='entry-content-wrapper clearfix'>\n\n<style type=\"text\/css\" data-created_by=\"avia_inline_auto\" id=\"style-css-av-av_one_full-8a5c137dca03b27b9be9204f656b6ec1\">\n#top .flex_column.av-av_one_full-8a5c137dca03b27b9be9204f656b6ec1{\nmargin-top:-135px;\nmargin-bottom:0px;\n}\n.flex_column.av-av_one_full-8a5c137dca03b27b9be9204f656b6ec1{\nborder-radius:0px 0px 0px 0px;\n-webkit-border-radius:0px 0px 0px 0px;\n-moz-border-radius:0px 0px 0px 0px;\npadding:30px 30px 30px 30px;\nbackground-color:#f7f3e3;\n}\n.responsive #top #wrap_all .flex_column.av-av_one_full-8a5c137dca03b27b9be9204f656b6ec1{\nmargin-top:-135px;\nmargin-bottom:0px;\n}\n<\/style>\n<div class='flex_column av-av_one_full-8a5c137dca03b27b9be9204f656b6ec1 av_one_full  avia-builder-el-2  avia-builder-el-no-sibling  first flex_column_div '   ><style type=\"text\/css\" data-created_by=\"avia_inline_auto\" id=\"style-css-av-av_heading-da0695f7a56c43c3853e04cecf27a2e1\">\n#top .av-special-heading.av-av_heading-da0695f7a56c43c3853e04cecf27a2e1{\npadding-bottom:20px;\nfont-size:40px;\n}\nbody .av-special-heading.av-av_heading-da0695f7a56c43c3853e04cecf27a2e1 .av-special-heading-tag .heading-char{\nfont-size:25px;\n}\n#top #wrap_all .av-special-heading.av-av_heading-da0695f7a56c43c3853e04cecf27a2e1 .av-special-heading-tag{\nfont-size:40px;\n}\n.av-special-heading.av-av_heading-da0695f7a56c43c3853e04cecf27a2e1 .av-subheading{\nfont-size:21px;\n}\n<\/style>\n<div  class='av-special-heading av-av_heading-da0695f7a56c43c3853e04cecf27a2e1 av-special-heading-h1 blockquote modern-quote modern-centered  avia-builder-el-3  avia-builder-el-no-sibling  av-inherit-size'><h1 class='av-special-heading-tag'  itemprop=\"headline\"  >Apartman AP 4+1 III kat<\/h1><div class='av-subheading av-subheading_below'><p>Za one koji vole privla\u010dan osje\u0107aj i ugodnu atmosferu<\/p>\n<\/div><div class=\"special-heading-border\"><div class=\"special-heading-inner-border\"><\/div><\/div><\/div><\/div>\n\n<\/div><\/div><\/div><!-- close content main div --><\/div><\/div><div id='av-layout-grid-1'  class='av-layout-grid-container av-av_layout_row-d33986b140bd8e03ac046ce4e36b6832 entry-content-wrapper main_color av-flex-cells  avia-builder-el-4  el_after_av_section  el_before_av_masonry_gallery  grid-row-not-first  container_wrap fullsize'  >\n\n<style type=\"text\/css\" data-created_by=\"avia_inline_auto\" id=\"style-css-av-av_cell_two_fifth-ca66af40546d2a1c82b04764e7557a71\">\n.flex_cell.av-av_cell_two_fifth-ca66af40546d2a1c82b04764e7557a71{\nvertical-align:middle;\nheight:400px;\nmin-height:400px;\npadding:60px 60px 60px 60px;\nbackground:url(http:\/\/www.villa-palms.com\/wp-content\/uploads\/2019\/08\/AP-41-3-kat-Kuhinja.jpg) 50% 50% no-repeat scroll ;\n}\n<\/style>\n<div class='flex_cell av_two_fifth av-av_cell_two_fifth-ca66af40546d2a1c82b04764e7557a71 no_margin  avia-builder-el-5  el_before_av_cell_three_fifth  avia-builder-el-first  avia-full-stretch' ><div class='flex_cell_inner'><\/div><\/div>\n<style type=\"text\/css\" data-created_by=\"avia_inline_auto\" id=\"style-css-av-av_cell_three_fifth-130da975143fe50c05cdf73ef833f6a4\">\n.flex_cell.av-av_cell_three_fifth-130da975143fe50c05cdf73ef833f6a4{\nvertical-align:middle;\nheight:400px;\nmin-height:400px;\npadding:60px 60px 60px 60px;\nbackground-color:#f7f3e3;\n}\n<\/style>\n<div class='flex_cell av_three_fifth av-av_cell_three_fifth-130da975143fe50c05cdf73ef833f6a4 no_margin  avia-builder-el-6  el_after_av_cell_two_fifth  avia-builder-el-last  avia-full-contain' ><div class='flex_cell_inner'><p>\n<style type=\"text\/css\" data-created_by=\"avia_inline_auto\" id=\"style-css-av-av_heading-947618e0810aad871a4deddc338eef4f\">\n#top .av-special-heading.av-av_heading-947618e0810aad871a4deddc338eef4f{\npadding-bottom:0px;\n}\nbody .av-special-heading.av-av_heading-947618e0810aad871a4deddc338eef4f .av-special-heading-tag .heading-char{\nfont-size:25px;\n}\n.av-special-heading.av-av_heading-947618e0810aad871a4deddc338eef4f .av-subheading{\nfont-size:15px;\n}\n<\/style>\n<div  class='av-special-heading av-av_heading-947618e0810aad871a4deddc338eef4f av-special-heading-h3 blockquote modern-quote  avia-builder-el-7  el_before_av_textblock  avia-builder-el-first '><h3 class='av-special-heading-tag'  itemprop=\"headline\"  >Apartman AP 4+1 <\/h3><div class='av-subheading av-subheading_below'><p>3 kat<\/p>\n<\/div><div class=\"special-heading-border\"><div class=\"special-heading-inner-border\"><\/div><\/div><\/div><br \/>\n<section  class='av_textblock_section av-av_textblock-2de302bf1aa3cf4c9157dbe6f50ac7eb'  itemscope=\"itemscope\" itemtype=\"https:\/\/schema.org\/CreativeWork\" ><div class='avia_textblock'  itemprop=\"text\" ><p>AP 4+1 III Kat ***(4+1) se nalazi na 3 katu , sa panoramskim pogledom na more,bra\u010dko-splitski zaljev i otoke, na zapadu prema Splitu, te na pla\u017eu i vrt. Pru\u017ea priliku za u\u017eivanje u pogledu na prve zrake jutarnjeg sunca, dnevna zbivanja na pla\u017ei i moru te pogled na odsjaj mjese\u010dine u toploj ljetnoj no\u0107i .<\/p>\n<\/div><\/section><br \/>\n\n<style type=\"text\/css\" data-created_by=\"avia_inline_auto\" id=\"style-css-av-av_hr-1deae294de86921cadf9622fb2da0879\">\n#top .hr.hr-invisible.av-av_hr-1deae294de86921cadf9622fb2da0879{\nheight:25px;\n}\n<\/style>\n<div  class='hr av-av_hr-1deae294de86921cadf9622fb2da0879 hr-invisible  avia-builder-el-9  el_after_av_textblock  el_before_av_button '><span class='hr-inner '><span class=\"hr-inner-style\"><\/span><\/span><\/div><br \/>\n<div  class='avia-button-wrap avia-button-left  avia-builder-el-10  el_after_av_hr  avia-builder-el-last ' ><a href='http:\/\/www.villa-palms.com\/hr\/kontakt\/'  class='avia-button av-av_button-0670294d8061aaa80a755e94ba6ea373 avia-icon_select-no avia-size-large avia-position-left avia-color-theme-color' ><span class='avia_iconbox_title' >REZERVIRAJ ODMAH<\/span><\/a><\/div><\/p>\n<\/div><\/div><\/div><div id='av-masonry-1' class='av-masonry av-av_masonry_gallery-4f72b4d560a83be6e5721d0ad7b1c69a noHover av-fixed-size av-no-gap av-hover-overlay-active av-masonry-animation-active av-masonry-col-6 av-caption-always av-caption-style- av-masonry-gallery '><div class=\"av-masonry-container isotope av-js-disabled\"><div class='av-masonry-entry isotope-item av-masonry-item-no-image '><\/div><a href=\"http:\/\/www.villa-palms.com\/wp-content\/uploads\/2017\/11\/Balcony-AP-41-III-Floor-1030x655.jpg\" data-srcset=\"http:\/\/www.villa-palms.com\/wp-content\/uploads\/2017\/11\/Balcony-AP-41-III-Floor-1030x655.jpg 1030w, http:\/\/www.villa-palms.com\/wp-content\/uploads\/2017\/11\/Balcony-AP-41-III-Floor-300x191.jpg 300w, http:\/\/www.villa-palms.com\/wp-content\/uploads\/2017\/11\/Balcony-AP-41-III-Floor-768x489.jpg 768w, http:\/\/www.villa-palms.com\/wp-content\/uploads\/2017\/11\/Balcony-AP-41-III-Floor-1500x955.jpg 1500w, http:\/\/www.villa-palms.com\/wp-content\/uploads\/2017\/11\/Balcony-AP-41-III-Floor-705x449.jpg 705w, http:\/\/www.villa-palms.com\/wp-content\/uploads\/2017\/11\/Balcony-AP-41-III-Floor-450x286.jpg 450w\" data-sizes=\"(max-width: 1030px) 100vw, 1030px\"  aria-label=\"image Balcony AP 4+1 III Floor\"  id='av-masonry-1-item-1858' data-av-masonry-item='1858' class='av-masonry-entry isotope-item post-1858 attachment type-attachment status-inherit hentry  av-masonry-item-with-image' title=\"Balcony AP 4+1 III Floor\" alt=\"\"   itemprop=\"thumbnailUrl\" ><div class='av-inner-masonry-sizer'><\/div><figure class='av-inner-masonry main_color'><div class=\"av-masonry-outerimage-container\"><div class='av-masonry-image-container' style=\"background-image: url(http:\/\/www.villa-palms.com\/wp-content\/uploads\/2017\/11\/Balcony-AP-41-III-Floor-705x449.jpg);\"  title=\"Balcony AP 4+1 III Floor\"  ><\/div><\/div><\/figure><\/a><!--end av-masonry entry--><a href=\"http:\/\/www.villa-palms.com\/wp-content\/uploads\/2017\/11\/Balcony-with-sea-view-AP-41-3-Floor-1030x655.jpg\" data-srcset=\"http:\/\/www.villa-palms.com\/wp-content\/uploads\/2017\/11\/Balcony-with-sea-view-AP-41-3-Floor-1030x655.jpg 1030w, http:\/\/www.villa-palms.com\/wp-content\/uploads\/2017\/11\/Balcony-with-sea-view-AP-41-3-Floor-300x191.jpg 300w, http:\/\/www.villa-palms.com\/wp-content\/uploads\/2017\/11\/Balcony-with-sea-view-AP-41-3-Floor-768x489.jpg 768w, http:\/\/www.villa-palms.com\/wp-content\/uploads\/2017\/11\/Balcony-with-sea-view-AP-41-3-Floor-1500x955.jpg 1500w, http:\/\/www.villa-palms.com\/wp-content\/uploads\/2017\/11\/Balcony-with-sea-view-AP-41-3-Floor-705x449.jpg 705w, http:\/\/www.villa-palms.com\/wp-content\/uploads\/2017\/11\/Balcony-with-sea-view-AP-41-3-Floor-450x286.jpg 450w\" data-sizes=\"(max-width: 1030px) 100vw, 1030px\"  aria-label=\"image Balcony with sea view AP 4+1 3 Floor\"  id='av-masonry-1-item-1859' data-av-masonry-item='1859' class='av-masonry-entry isotope-item post-1859 attachment type-attachment status-inherit hentry  av-masonry-item-with-image' title=\"Balcony with sea view AP 4+1 3 Floor\" alt=\"\"   itemprop=\"thumbnailUrl\" ><div class='av-inner-masonry-sizer'><\/div><figure class='av-inner-masonry main_color'><div class=\"av-masonry-outerimage-container\"><div class='av-masonry-image-container' style=\"background-image: url(http:\/\/www.villa-palms.com\/wp-content\/uploads\/2017\/11\/Balcony-with-sea-view-AP-41-3-Floor-705x449.jpg);\"  title=\"Balcony with sea view AP 4+1 3 Floor\"  ><\/div><\/div><\/figure><\/a><!--end av-masonry entry--><a href=\"http:\/\/www.villa-palms.com\/wp-content\/uploads\/2017\/11\/Bedroom-2.AP-41.jpg\" data-srcset=\"http:\/\/www.villa-palms.com\/wp-content\/uploads\/2017\/11\/Bedroom-2.AP-41.jpg 1024w, http:\/\/www.villa-palms.com\/wp-content\/uploads\/2017\/11\/Bedroom-2.AP-41-300x199.jpg 300w, http:\/\/www.villa-palms.com\/wp-content\/uploads\/2017\/11\/Bedroom-2.AP-41-768x509.jpg 768w, http:\/\/www.villa-palms.com\/wp-content\/uploads\/2017\/11\/Bedroom-2.AP-41-705x467.jpg 705w, http:\/\/www.villa-palms.com\/wp-content\/uploads\/2017\/11\/Bedroom-2.AP-41-450x298.jpg 450w\" data-sizes=\"(max-width: 1024px) 100vw, 1024px\"  aria-label=\"image Bedroom 2.AP 4+1\"  id='av-masonry-1-item-1861' data-av-masonry-item='1861' class='av-masonry-entry isotope-item post-1861 attachment type-attachment status-inherit hentry  av-masonry-item-with-image' title=\"Bedroom 2.AP 4+1\" alt=\"\"   itemprop=\"thumbnailUrl\" ><div class='av-inner-masonry-sizer'><\/div><figure class='av-inner-masonry main_color'><div class=\"av-masonry-outerimage-container\"><div class='av-masonry-image-container' style=\"background-image: url(http:\/\/www.villa-palms.com\/wp-content\/uploads\/2017\/11\/Bedroom-2.AP-41-705x467.jpg);\"  title=\"Bedroom 2.AP 4+1\"  ><\/div><\/div><\/figure><\/a><!--end av-masonry entry--><a href=\"http:\/\/www.villa-palms.com\/wp-content\/uploads\/2017\/11\/WC-Jere-e1567019216245-579x1030.jpg\" data-srcset=\"http:\/\/www.villa-palms.com\/wp-content\/uploads\/2017\/11\/WC-Jere-e1567019216245-579x1030.jpg 579w, http:\/\/www.villa-palms.com\/wp-content\/uploads\/2017\/11\/WC-Jere-e1567019216245-169x300.jpg 169w, http:\/\/www.villa-palms.com\/wp-content\/uploads\/2017\/11\/WC-Jere-e1567019216245-768x1365.jpg 768w, http:\/\/www.villa-palms.com\/wp-content\/uploads\/2017\/11\/WC-Jere-e1567019216245-844x1500.jpg 844w, http:\/\/www.villa-palms.com\/wp-content\/uploads\/2017\/11\/WC-Jere-e1567019216245-397x705.jpg 397w, http:\/\/www.villa-palms.com\/wp-content\/uploads\/2017\/11\/WC-Jere-e1567019216245-450x800.jpg 450w\" data-sizes=\"(max-width: 579px) 100vw, 579px\"  aria-label=\"image WC Jere\"  id='av-masonry-1-item-1863' data-av-masonry-item='1863' class='av-masonry-entry isotope-item post-1863 attachment type-attachment status-inherit hentry  av-masonry-item-with-image' title=\"WC Jere\" alt=\"\"   itemprop=\"thumbnailUrl\" ><div class='av-inner-masonry-sizer'><\/div><figure class='av-inner-masonry main_color'><div class=\"av-masonry-outerimage-container\"><div class='av-masonry-image-container' style=\"background-image: url(http:\/\/www.villa-palms.com\/wp-content\/uploads\/2017\/11\/WC-Jere-e1567019216245-397x705.jpg);\"  title=\"WC Jere\"  ><\/div><\/div><\/figure><\/a><!--end av-masonry entry--><a href=\"http:\/\/www.villa-palms.com\/wp-content\/uploads\/2019\/08\/DSC_3086-1030x687.jpg\" data-srcset=\"http:\/\/www.villa-palms.com\/wp-content\/uploads\/2019\/08\/DSC_3086-1030x687.jpg 1030w, http:\/\/www.villa-palms.com\/wp-content\/uploads\/2019\/08\/DSC_3086-300x200.jpg 300w, http:\/\/www.villa-palms.com\/wp-content\/uploads\/2019\/08\/DSC_3086-768x512.jpg 768w, http:\/\/www.villa-palms.com\/wp-content\/uploads\/2019\/08\/DSC_3086-1500x1000.jpg 1500w, http:\/\/www.villa-palms.com\/wp-content\/uploads\/2019\/08\/DSC_3086-705x470.jpg 705w, http:\/\/www.villa-palms.com\/wp-content\/uploads\/2019\/08\/DSC_3086-450x300.jpg 450w\" data-sizes=\"(max-width: 1030px) 100vw, 1030px\"  aria-label=\"image AP 4+1 III Floor Bedroom 2N\"  id='av-masonry-1-item-1915' data-av-masonry-item='1915' class='av-masonry-entry isotope-item post-1915 attachment type-attachment status-inherit hentry  av-masonry-item-with-image' title=\"AP 4+1 III Floor Bedroom 2N\" alt=\"\"   itemprop=\"thumbnailUrl\" ><div class='av-inner-masonry-sizer'><\/div><figure class='av-inner-masonry main_color'><div class=\"av-masonry-outerimage-container\"><div class='av-masonry-image-container' style=\"background-image: url(http:\/\/www.villa-palms.com\/wp-content\/uploads\/2019\/08\/DSC_3086-705x470.jpg);\"  title=\"AP 4+1 III Floor Bedroom 2N\"  ><\/div><\/div><\/figure><\/a><!--end av-masonry entry--><a href=\"http:\/\/www.villa-palms.com\/wp-content\/uploads\/2019\/08\/AP-41-3-kat-Kuhinja-1030x687.jpg\" data-srcset=\"http:\/\/www.villa-palms.com\/wp-content\/uploads\/2019\/08\/AP-41-3-kat-Kuhinja-1030x687.jpg 1030w, http:\/\/www.villa-palms.com\/wp-content\/uploads\/2019\/08\/AP-41-3-kat-Kuhinja-300x200.jpg 300w, http:\/\/www.villa-palms.com\/wp-content\/uploads\/2019\/08\/AP-41-3-kat-Kuhinja-768x512.jpg 768w, http:\/\/www.villa-palms.com\/wp-content\/uploads\/2019\/08\/AP-41-3-kat-Kuhinja-1500x1000.jpg 1500w, http:\/\/www.villa-palms.com\/wp-content\/uploads\/2019\/08\/AP-41-3-kat-Kuhinja-705x470.jpg 705w, http:\/\/www.villa-palms.com\/wp-content\/uploads\/2019\/08\/AP-41-3-kat-Kuhinja-450x300.jpg 450w\" data-sizes=\"(max-width: 1030px) 100vw, 1030px\"  aria-label=\"image AP 4+1 3 kat Kuhinja\"  id='av-masonry-1-item-1470' data-av-masonry-item='1470' class='av-masonry-entry isotope-item post-1470 attachment type-attachment status-inherit hentry  av-masonry-item-with-image' title=\"AP 4+1 3 kat Kuhinja\" alt=\"\"   itemprop=\"thumbnailUrl\" ><div class='av-inner-masonry-sizer'><\/div><figure class='av-inner-masonry main_color'><div class=\"av-masonry-outerimage-container\"><div class='av-masonry-image-container' style=\"background-image: url(http:\/\/www.villa-palms.com\/wp-content\/uploads\/2019\/08\/AP-41-3-kat-Kuhinja-705x470.jpg);\"  title=\"AP 4+1 3 kat Kuhinja\"  ><\/div><\/div><\/figure><\/a><!--end av-masonry entry--><\/div><\/div><\/p>\n\n<style type=\"text\/css\" data-created_by=\"avia_inline_auto\" id=\"style-css-av-av_heading-f8fdea34045bca39dc328c4d272c4fd4\">\n#top .av-special-heading.av-av_heading-f8fdea34045bca39dc328c4d272c4fd4{\npadding-bottom:50px;\n}\nbody .av-special-heading.av-av_heading-f8fdea34045bca39dc328c4d272c4fd4 .av-special-heading-tag .heading-char{\nfont-size:25px;\n}\n.av-special-heading.av-av_heading-f8fdea34045bca39dc328c4d272c4fd4 .av-subheading{\nfont-size:15px;\n}\n<\/style>\n<div  class='av-special-heading av-av_heading-f8fdea34045bca39dc328c4d272c4fd4 av-special-heading-h3 blockquote modern-quote modern-centered  avia-builder-el-12  el_after_av_masonry_gallery  el_before_av_one_full  avia-builder-el-first '><h3 class='av-special-heading-tag'  itemprop=\"headline\"  >OPREMA APARTMANA<\/h3><div class=\"special-heading-border\"><div class=\"special-heading-inner-border\"><\/div><\/div><\/div>\n\n<style type=\"text\/css\" data-created_by=\"avia_inline_auto\" id=\"style-css-av-av_one_full-15d750bd1b332b34c6e70b077ebbccdf\">\n.flex_column.av-av_one_full-15d750bd1b332b34c6e70b077ebbccdf{\nborder-radius:0px 0px 0px 0px;\n-webkit-border-radius:0px 0px 0px 0px;\n-moz-border-radius:0px 0px 0px 0px;\n}\n<\/style>\n<div class='flex_column av-av_one_full-15d750bd1b332b34c6e70b077ebbccdf av_one_full  avia-builder-el-13  el_after_av_heading  el_before_av_heading  first flex_column_div av-zero-column-padding '   ><section  class='av_textblock_section av-av_textblock-2de302bf1aa3cf4c9157dbe6f50ac7eb'  itemscope=\"itemscope\" itemtype=\"https:\/\/schema.org\/CreativeWork\" ><div class='avia_textblock'  itemprop=\"text\" ><ul>\n<li>broj le\u017eaja: ( 4+1 )<\/li>\n<li>spava\u0107a soba 1: (bra\u010dni krevet , posteljina)\u00a0\u2013 bez pogleda na more<\/li>\n<li>spava\u0107a soba 2: (bra\u010dni krevet, posteljina + kau\u010d \u2013 mogu\u0107nost na razvla\u010denje za 1 osobu ) \u2013 pogled na more<\/li>\n<li>kupaonica: (tu\u0161, WC, umivaonik, ru\u010dnici, sapun, WC papir)<\/li>\n<li>blagovaonica s kuhinjom: ( stol i 5 stolica, hladnjak, zamrziva\u010d, mikrovalna, \u0161tednjak na struju, sudoper, aparat za grijanje vode, kompletno posu\u0111e, kuhinjske krpe)<\/li>\n<li>2 balkona: ( garniture za sjedenje)<\/li>\n<li>internet: (Wi-Fi be\u017ei\u010dni internet)<\/li>\n<li>klimatizacija: (u kuhinji s blagavaonicom i u spava\u0107oj sobi s balkonom se nalazi klima ure\u0111aji za cijeli apartman.Klima ure\u0111aji imaju \u010dip kartice koje se programiraju na odre\u0111eni broj sati koliko vi \u017eelite potro\u0161iti.Kori\u0161tenje klima ure\u0111aja je djelomi\u0107no uklju\u010deno u cijenu a ostatak se pla\u0107a dodatno.)<\/li>\n<\/ul>\n<\/div><\/section><br \/>\n<div id='avia-messagebox-' class='avia_message_box av_notification av-av_notification-50041bce4eefe5a5a4cb8f199a5ed2e0 avia-color-silver avia-size-normal avia-icon_select-no avia-border-  avia-builder-el-15  el_after_av_textblock  avia-builder-el-last ' ><div class=\"avia_message_box_content\"><p>napomena: (ku\u0107ni ljubimci nisu dozvoljeni, pu\u0161enje nije dozvoljeno u zatvorenom prostoru)<\/p>\n<\/div><\/div><\/p><\/div>\n\n<style type=\"text\/css\" data-created_by=\"avia_inline_auto\" id=\"style-css-av-av_heading-8d56b5ec0d1e544ad00883334989cb57\">\n#top .av-special-heading.av-av_heading-8d56b5ec0d1e544ad00883334989cb57{\npadding-bottom:50px;\n}\nbody .av-special-heading.av-av_heading-8d56b5ec0d1e544ad00883334989cb57 .av-special-heading-tag .heading-char{\nfont-size:25px;\n}\n.av-special-heading.av-av_heading-8d56b5ec0d1e544ad00883334989cb57 .av-subheading{\nfont-size:15px;\n}\n<\/style>\n<div  class='av-special-heading av-av_heading-8d56b5ec0d1e544ad00883334989cb57 av-special-heading-h3 blockquote modern-quote modern-centered  avia-builder-el-16  el_after_av_one_full  el_before_av_one_full '><h3 class='av-special-heading-tag'  itemprop=\"headline\"  >CIJENIK<\/h3><div class=\"special-heading-border\"><div class=\"special-heading-inner-border\"><\/div><\/div><\/div>\n\n<style type=\"text\/css\" data-created_by=\"avia_inline_auto\" id=\"style-css-av-av_one_full-15d750bd1b332b34c6e70b077ebbccdf\">\n.flex_column.av-av_one_full-15d750bd1b332b34c6e70b077ebbccdf{\nborder-radius:0px 0px 0px 0px;\n-webkit-border-radius:0px 0px 0px 0px;\n-moz-border-radius:0px 0px 0px 0px;\n}\n<\/style>\n<div class='flex_column av-av_one_full-15d750bd1b332b34c6e70b077ebbccdf av_one_full  avia-builder-el-17  el_after_av_heading  el_before_av_button_big  avia-builder-el-last  first flex_column_div av-zero-column-padding '   ><section  class='av_textblock_section av-av_textblock-2de302bf1aa3cf4c9157dbe6f50ac7eb'  itemscope=\"itemscope\" itemtype=\"https:\/\/schema.org\/CreativeWork\" ><div class='avia_textblock'  itemprop=\"text\" >\n<table id=\"tablepress-5\" class=\"tablepress tablepress-id-5 tbody-has-connected-cells\">\n<thead>\n<tr class=\"row-1\">\n\t<td class=\"column-1\"><\/td><th class=\"column-2\">01.04.-30.04.<br \/>\n01.10.-31.10.<\/th><th class=\"column-3\">01.05.-30.05.<\/th><th class=\"column-4\">01.06-30.06.<br \/>\n1.09.-30.09<\/th><th class=\"column-5\">01.07-31.08.<\/th>\n<\/tr>\n<\/thead>\n<tbody class=\"row-striping row-hover\">\n<tr class=\"row-2\">\n\t<td class=\"column-1\">cijena apartman\/dan<\/td><td class=\"column-2\">95 \u20ac<br \/>\n<\/td><td class=\"column-3\">115 \u20ac<\/td><td class=\"column-4\">135 \u20ac<\/td><td class=\"column-5\">175 \u20ac<br \/>\n<\/td>\n<\/tr>\n<tr class=\"row-3\">\n\t<td class=\"column-1\">broj osoba<\/td><td colspan=\"4\" class=\"column-2\">4 osobe<\/td>\n<\/tr>\n<tr class=\"row-4\">\n\t<td class=\"column-1\">smjena<\/td><td colspan=\"4\" class=\"column-2\">svaki dan<\/td>\n<\/tr>\n<tr class=\"row-5\">\n\t<td class=\"column-1\">minimalni boravak (dana)<\/td><td class=\"column-2\">1<br \/>\n<\/td><td class=\"column-3\">2<\/td><td class=\"column-4\">5<\/td><td class=\"column-5\">7<br \/>\n<\/td>\n<\/tr>\n<tr class=\"row-6\">\n\t<td class=\"column-1\">nadoplata<\/td><td colspan=\"4\" class=\"column-2\">(+1) - nadoplata 15 euro na dan<\/td>\n<\/tr>\n<\/tbody>\n<\/table>\n<!-- #tablepress-5 from cache -->\n<\/div><\/section><\/div>\n<div  class='avia-button-wrap avia-button-center  avia-builder-el-19  el_after_av_one_full  avia-builder-el-last ' >\n<style type=\"text\/css\" data-created_by=\"avia_inline_auto\" id=\"style-css-av-av_button_big-b1c3c63692902c5eab9e7e80dc21640d\">\n#top #wrap_all .avia-button.av-av_button_big-b1c3c63692902c5eab9e7e80dc21640d{\ncolor:#ffffff;\ntransition:all 0.4s ease-in-out;\n-webkit-transition:all 0.4s ease-in-out;\n-moz-transition:all 0.4s ease-in-out;\n-ms-transition:all 0.4s ease-in-out;\n-o-transition:all 0.4s ease-in-out;\n}\n#top #wrap_all .avia-button.av-av_button_big-b1c3c63692902c5eab9e7e80dc21640d:hover{\nbackground-color:orange;\ncolor:#ffffff;\ntransition:all 0.4s ease-in-out;\n-webkit-transition:all 0.4s ease-in-out;\n-moz-transition:all 0.4s ease-in-out;\n-ms-transition:all 0.4s ease-in-out;\n-o-transition:all 0.4s ease-in-out;\n}\n<\/style>\n<a href='http:\/\/www.villa-palms.com\/hr\/apartmani\/' class='avia-color-theme-color avia-button avia-button-fullwidth av-av_button_big-b1c3c63692902c5eab9e7e80dc21640d avia-icon_select-no avia-color-theme-color' ><span class='avia_iconbox_title' >POGLEDAJ OSTALE APARTMANE<\/span><\/a><\/div>\n","protected":false},"excerpt":{"rendered":"","protected":false},"author":1,"featured_media":0,"parent":0,"menu_order":0,"comment_status":"closed","ping_status":"closed","template":"","meta":{"footnotes":""},"class_list":["post-1009","page","type-page","status-publish","hentry"],"_links":{"self":[{"href":"http:\/\/www.villa-palms.com\/hr\/wp-json\/wp\/v2\/pages\/1009","targetHints":{"allow":["GET"]}}],"collection":[{"href":"http:\/\/www.villa-palms.com\/hr\/wp-json\/wp\/v2\/pages"}],"about":[{"href":"http:\/\/www.villa-palms.com\/hr\/wp-json\/wp\/v2\/types\/page"}],"author":[{"embeddable":true,"href":"http:\/\/www.villa-palms.com\/hr\/wp-json\/wp\/v2\/users\/1"}],"replies":[{"embeddable":true,"href":"http:\/\/www.villa-palms.com\/hr\/wp-json\/wp\/v2\/comments?post=1009"}],"version-history":[{"count":17,"href":"http:\/\/www.villa-palms.com\/hr\/wp-json\/wp\/v2\/pages\/1009\/revisions"}],"predecessor-version":[{"id":2180,"href":"http:\/\/www.villa-palms.com\/hr\/wp-json\/wp\/v2\/pages\/1009\/revisions\/2180"}],"wp:attachment":[{"href":"http:\/\/www.villa-palms.com\/hr\/wp-json\/wp\/v2\/media?parent=1009"}],"curies":[{"name":"wp","href":"https:\/\/api.w.org\/{rel}","templated":true}]}}