{"id":844,"date":"2017-11-15T07:16:54","date_gmt":"2017-11-15T06:16:54","guid":{"rendered":"http:\/\/www.villa-palms.com\/?page_id=844"},"modified":"2022-06-27T16:28:14","modified_gmt":"2022-06-27T14:28:14","slug":"lokacija","status":"publish","type":"page","link":"http:\/\/www.villa-palms.com\/hr\/lokacija\/","title":{"rendered":"Lokacija"},"content":{"rendered":"<div id='full_slider_1'  class='avia-fullwidth-slider main_color avia-shadow   avia-builder-el-0  el_before_av_section  avia-builder-el-first   container_wrap fullsize'  ><div  class='avia-slideshow av-av_slideshow_full-e2966aab59df93bb65051fcf1d1b9010 av-control-hidden avia-slideshow-featured av_slideshow_full avia-fade-slider av-default-height-applied  image_no_stretch avia-slideshow-1'  data-size='featured'  data-lightbox_size='large'  data-animation='fade'  data-conditional_play=''  data-ids='849,850,1068'  data-video_counter='0'  data-autoplay='true'  data-bg_slider='false'  data-slide_height=''  data-handle='av_slideshow_full'  data-interval='7'  data-class=''  data-extra_class=' image_no_stretch'  data-el_id=''  data-css_id=''  data-scroll_down=''  data-control_layout='av-control-hidden'  data-custom_markup=''  data-perma_caption=''  data-autoplay_stopper=''  data-image_attachment=''  data-min_height='0px'  data-lazy_loading='disabled'  data-default-height='28.666666666667'  data-stretch='image_no_stretch'  data-src=''  data-position='top left'  data-repeat='no-repeat'  data-attach='scroll'  data-img_scrset=''  data-av-desktop-hide=''  data-av-medium-hide=''  data-av-small-hide=''  data-av-mini-hide=''  data-id=''  data-custom_class=''  data-template_class=''  data-av_uid=''  data-sc_version='1.0'  data-heading_tag=''  data-heading_class=''   itemprop=\"image\" itemscope=\"itemscope\" itemtype=\"https:\/\/schema.org\/ImageObject\" ><ul class='avia-slideshow-inner ' style='padding-bottom: 28.666666666667%;'><li  class='avia-slideshow-slide av-av_slideshow_full-e2966aab59df93bb65051fcf1d1b9010__0  slide-1 ' ><div data-rel='slideshow-1' class='avia-slide-wrap '   ><img decoding=\"async\" class=\"wp-image-1797 avia-img-lazy-loading-not-1797\"  src=\"http:\/\/www.villa-palms.com\/wp-content\/uploads\/2017\/11\/split_04-1500x430.jpg\" width=\"1500\" height=\"430\" title='split_04' alt=''  itemprop=\"thumbnailUrl\"   \/><\/div><\/li><li  class='avia-slideshow-slide av-av_slideshow_full-e2966aab59df93bb65051fcf1d1b9010__1  slide-2 ' ><div data-rel='slideshow-1' class='avia-slide-wrap '   ><img decoding=\"async\" class=\"wp-image-1798 avia-img-lazy-loading-not-1798\"  src=\"http:\/\/www.villa-palms.com\/wp-content\/uploads\/2017\/11\/split03-1500x430.jpg\" width=\"1500\" height=\"430\" title='split03' alt=''  itemprop=\"thumbnailUrl\"   \/><\/div><\/li><li  class='avia-slideshow-slide av-av_slideshow_full-e2966aab59df93bb65051fcf1d1b9010__2  slide-3 ' ><div data-rel='slideshow-1' class='avia-slide-wrap '   ><img decoding=\"async\" class=\"wp-image-1875 avia-img-lazy-loading-not-1875\"  src=\"http:\/\/www.villa-palms.com\/wp-content\/uploads\/2015\/07\/View-from-AP2-1500x430.jpg\" width=\"1500\" height=\"430\" title='View from AP2' alt=''  itemprop=\"thumbnailUrl\"   \/><\/div><\/li><\/ul><div class='avia-slideshow-arrows avia-slideshow-controls' ><a href='#prev' class='prev-slide ' aria-hidden='true' data-av_icon='\ue87c' data-av_iconfont='entypo-fontello'  tabindex='-1'>Previous<\/a><a href='#next' class='next-slide ' aria-hidden='true' data-av_icon='\ue87d' data-av_iconfont='entypo-fontello'  tabindex='-1'>Next<\/a><\/div><div class='avia-slideshow-dots avia-slideshow-controls'><a href='#1' class='goto-slide active' >1<\/a><a href='#2' class='goto-slide ' >2<\/a><a href='#3' class='goto-slide ' >3<\/a><\/div><\/div><\/div>\n\n<style type=\"text\/css\" data-created_by=\"avia_inline_auto\" id=\"style-css-av-av_section-2356307788c813e90362a768ce3a07f8\">\n.avia-section.av-av_section-2356307788c813e90362a768ce3a07f8 .av-extra-border-element .av-extra-border-inner{\nbackground-color:#f7f3e3;\n}\n<\/style>\n<div id='av_section_1'  class='avia-section av-av_section-2356307788c813e90362a768ce3a07f8 main_color avia-section-default avia-no-border-styling  avia-builder-el-1  el_after_av_slideshow_full  el_before_av_section  avia-bg-style-scroll av-arrow-down-section container_wrap fullsize'  ><div class='container av-section-cont-open' ><div class='template-page content  av-content-full alpha units'><div class='post-entry post-entry-type-page post-entry-844'><div class='entry-content-wrapper clearfix'>\n\n<style type=\"text\/css\" data-created_by=\"avia_inline_auto\" id=\"style-css-av-av_one_full-cbcc23c145ffab52df72abd89128d03d\">\n#top .flex_column.av-av_one_full-cbcc23c145ffab52df72abd89128d03d{\nmargin-top:-130px;\nmargin-bottom:0px;\n}\n.flex_column.av-av_one_full-cbcc23c145ffab52df72abd89128d03d{\nborder-radius:0px 0px 0px 0px;\n-webkit-border-radius:0px 0px 0px 0px;\n-moz-border-radius:0px 0px 0px 0px;\npadding:30px 30px 30px 30px;\nbackground-color:#f7f3e3;\n}\n.responsive #top #wrap_all .flex_column.av-av_one_full-cbcc23c145ffab52df72abd89128d03d{\nmargin-top:-130px;\nmargin-bottom:0px;\n}\n<\/style>\n<div class='flex_column av-av_one_full-cbcc23c145ffab52df72abd89128d03d av_one_full  avia-builder-el-2  el_before_av_one_half  avia-builder-el-first  first flex_column_div '   ><style type=\"text\/css\" data-created_by=\"avia_inline_auto\" id=\"style-css-av-av_heading-0df379370dfb23c5193ddb9c43062e57\">\n#top .av-special-heading.av-av_heading-0df379370dfb23c5193ddb9c43062e57{\npadding-bottom:20px;\nfont-size:40px;\n}\nbody .av-special-heading.av-av_heading-0df379370dfb23c5193ddb9c43062e57 .av-special-heading-tag .heading-char{\nfont-size:25px;\n}\n#top #wrap_all .av-special-heading.av-av_heading-0df379370dfb23c5193ddb9c43062e57 .av-special-heading-tag{\nfont-size:40px;\n}\n.av-special-heading.av-av_heading-0df379370dfb23c5193ddb9c43062e57 .av-subheading{\nfont-size:15px;\n}\n<\/style>\n<div  class='av-special-heading av-av_heading-0df379370dfb23c5193ddb9c43062e57 av-special-heading-h1 blockquote modern-quote modern-centered  avia-builder-el-3  avia-builder-el-no-sibling  av-inherit-size'><h1 class='av-special-heading-tag'  itemprop=\"headline\"  >Lokacija<\/h1><div class=\"special-heading-border\"><div class=\"special-heading-inner-border\"><\/div><\/div><\/div><\/div>\n<style type=\"text\/css\" data-created_by=\"avia_inline_auto\" id=\"style-css-av-av_one_half-d71a51a707c4656b37c9afbbd6138215\">\n.flex_column.av-av_one_half-d71a51a707c4656b37c9afbbd6138215{\nborder-radius:0px 0px 0px 0px;\n-webkit-border-radius:0px 0px 0px 0px;\n-moz-border-radius:0px 0px 0px 0px;\n}\n<\/style>\n<div class='flex_column av-av_one_half-d71a51a707c4656b37c9afbbd6138215 av_one_half  avia-builder-el-4  el_after_av_one_full  el_before_av_one_half  first flex_column_div  av-animated-generic bottom-to-top av-zero-column-padding column-top-margin'   ><section  class='av_textblock_section av-av_textblock-2de302bf1aa3cf4c9157dbe6f50ac7eb'  itemscope=\"itemscope\" itemtype=\"https:\/\/schema.org\/CreativeWork\" ><div class='avia_textblock'  itemprop=\"text\" ><p>Op\u0107ina podstrana nalazi se uz jugoisto\u010dno od grada Splita, oko 8 km od povijesnog centra grada.<\/p>\n<p>Pokriva povr\u0161inu od 11,5 kvadratnih kilometara, od podno\u017eja planine Perun (s najvi\u0161im vr\u0161nim kri\u017eem 533 m) s rijekom \u017drnovnicajem na sjeverozapadu. Obalni dio Podstrane prote\u017ee se 6 km uzdu\u017eno, nizom uvu\u010denih uvala \u0161ljun\u010danih pla\u017ea.<\/p>\n<p>Uz obalu od sjeverozapada prema jugoistoku nalazi se Jadranska cesta koja povezuje kontinuirano izdu\u017eeno urbano podru\u010dje koje se uzdi\u017ee s obale mora du\u017e pitomih padina Peruna.<\/p>\n<p>Podru\u010dje pripada ugodnoj mediteranskoj klimi tijekom cijele godine, \u0161to je pogodno za uzgoj mediteranskih poljoprivrednih kultura: masline, gro\u017e\u0111e, breskve, citrusa i smokava.<\/p>\n<p>Ljepota i plemenitost su izvorne vrijednosti koje stanovnici Podstrane u\u017eivaju.<\/p>\n<\/div><\/section><\/div>\n<style type=\"text\/css\" data-created_by=\"avia_inline_auto\" id=\"style-css-av-av_one_half-93bea18e2ccb60552a17080633244dec\">\n.flex_column.av-av_one_half-93bea18e2ccb60552a17080633244dec{\nborder-radius:0px 0px 0px 0px;\n-webkit-border-radius:0px 0px 0px 0px;\n-moz-border-radius:0px 0px 0px 0px;\n}\n<\/style>\n<div class='flex_column av-av_one_half-93bea18e2ccb60552a17080633244dec av_one_half  avia-builder-el-6  el_after_av_one_half  avia-builder-el-last  flex_column_div  av-animated-generic bottom-to-top av-zero-column-padding column-top-margin'   ><\/div>\n\n<\/div><\/div><\/div><!-- close content main div --><\/div><div class='av-extra-border-element border-extra-arrow-down'><div class='av-extra-border-outer'><div class='av-extra-border-inner'><\/div><\/div><\/div><\/div>\n<style type=\"text\/css\" data-created_by=\"avia_inline_auto\" id=\"style-css-av-av_section-d4f469fb96d37d2dfb773aa13e1447c9\">\n.avia-section.av-av_section-d4f469fb96d37d2dfb773aa13e1447c9 .av-extra-border-element .av-extra-border-inner{\nbackground-color:#f7f3e3;\n}\n<\/style>\n<div id='av_section_2'  class='avia-section av-av_section-d4f469fb96d37d2dfb773aa13e1447c9 main_color avia-section-huge avia-no-border-styling  avia-builder-el-8  el_after_av_section  avia-builder-el-last  avia-bg-style-scroll av-arrow-down-section container_wrap fullsize'  ><div class='container av-section-cont-open' ><div class='template-page content  av-content-full alpha units'><div class='post-entry post-entry-type-page post-entry-844'><div class='entry-content-wrapper clearfix'>\n\n<style type=\"text\/css\" data-created_by=\"avia_inline_auto\" id=\"style-css-av-av_one_full-025b8f50b0dec233e353eaa1a6732ad4\">\n#top .flex_column.av-av_one_full-025b8f50b0dec233e353eaa1a6732ad4{\nmargin-top:-200px;\nmargin-bottom:0px;\n}\n.flex_column.av-av_one_full-025b8f50b0dec233e353eaa1a6732ad4{\nborder-radius:0px 0px 0px 0px;\n-webkit-border-radius:0px 0px 0px 0px;\n-moz-border-radius:0px 0px 0px 0px;\npadding:30px 30px 30px 30px;\nbackground-color:#f7f3e3;\n}\n.responsive #top #wrap_all .flex_column.av-av_one_full-025b8f50b0dec233e353eaa1a6732ad4{\nmargin-top:-200px;\nmargin-bottom:0px;\n}\n<\/style>\n<div class='flex_column av-av_one_full-025b8f50b0dec233e353eaa1a6732ad4 av_one_full  avia-builder-el-9  el_before_av_hr  avia-builder-el-first  first flex_column_div '   ><p>\n<style type=\"text\/css\" data-created_by=\"avia_inline_auto\" id=\"style-css-av-av_hr-cd3041bbdde05262a148040af3f65632\">\n#top .hr.hr-invisible.av-av_hr-cd3041bbdde05262a148040af3f65632{\nheight:25px;\n}\n<\/style>\n<div  class='hr av-av_hr-cd3041bbdde05262a148040af3f65632 hr-invisible  avia-builder-el-10  el_before_av_heading  avia-builder-el-first '><span class='hr-inner '><span class=\"hr-inner-style\"><\/span><\/span><\/div><br \/>\n\n<style type=\"text\/css\" data-created_by=\"avia_inline_auto\" id=\"style-css-av-av_heading-c6c07f57dd073e1794fc35a7436173e5\">\n#top .av-special-heading.av-av_heading-c6c07f57dd073e1794fc35a7436173e5{\npadding-bottom:20px;\nfont-size:40px;\n}\nbody .av-special-heading.av-av_heading-c6c07f57dd073e1794fc35a7436173e5 .av-special-heading-tag .heading-char{\nfont-size:25px;\n}\n#top #wrap_all .av-special-heading.av-av_heading-c6c07f57dd073e1794fc35a7436173e5 .av-special-heading-tag{\nfont-size:40px;\n}\n.av-special-heading.av-av_heading-c6c07f57dd073e1794fc35a7436173e5 .av-subheading{\nfont-size:21px;\n}\n<\/style>\n<div  class='av-special-heading av-av_heading-c6c07f57dd073e1794fc35a7436173e5 av-special-heading-h1 blockquote modern-quote modern-centered  avia-builder-el-11  el_after_av_hr  avia-builder-el-last  av-inherit-size'><h1 class='av-special-heading-tag'  itemprop=\"headline\"  >U nastavku potra\u017eite detaljne upute<br \/> kako do\u0107i do nas.<\/h1><div class='av-subheading av-subheading_below'><p>Ako dolazite ili idete u zra\u010dnu luku, mo\u017eemo vam organizirati transfer uz nadoplatu.<\/p>\n<\/div><div class=\"special-heading-border\"><div class=\"special-heading-inner-border\"><\/div><\/div><\/div><\/p><\/div>\n<style type=\"text\/css\" data-created_by=\"avia_inline_auto\" id=\"style-css-av-av_hr-c6828d59d0e1f7b92473bd4f49b1efcc\">\n#top .hr.av-av_hr-c6828d59d0e1f7b92473bd4f49b1efcc{\nmargin-top:0px;\nmargin-bottom:70px;\n}\n.hr.av-av_hr-c6828d59d0e1f7b92473bd4f49b1efcc .hr-inner{\nwidth:50px;\nborder-color:#f8f8f8;\nmax-width:45%;\n}\n.hr.av-av_hr-c6828d59d0e1f7b92473bd4f49b1efcc .av-seperator-icon{\ncolor:#e5c80c;\n}\n<\/style>\n<div  class='hr av-av_hr-c6828d59d0e1f7b92473bd4f49b1efcc hr-custom  avia-builder-el-12  el_after_av_one_full  el_before_av_one_half  hr-center hr-icon-yes'><span class='hr-inner inner-border-av-border-fat'><span class=\"hr-inner-style\"><\/span><\/span><span class='av-seperator-icon' aria-hidden='true' data-av_icon='\ue8ce' data-av_iconfont='entypo-fontello'><\/span><span class='hr-inner inner-border-av-border-fat'><span class=\"hr-inner-style\"><\/span><\/span><\/div>\n\n<style type=\"text\/css\" data-created_by=\"avia_inline_auto\" id=\"style-css-av-av_one_half-d71a51a707c4656b37c9afbbd6138215\">\n.flex_column.av-av_one_half-d71a51a707c4656b37c9afbbd6138215{\nborder-radius:0px 0px 0px 0px;\n-webkit-border-radius:0px 0px 0px 0px;\n-moz-border-radius:0px 0px 0px 0px;\n}\n<\/style>\n<div class='flex_column av-av_one_half-d71a51a707c4656b37c9afbbd6138215 av_one_half  avia-builder-el-13  el_after_av_hr  el_before_av_one_half  first flex_column_div  av-animated-generic bottom-to-top av-zero-column-padding '   ><section  class='av_textblock_section av-av_textblock-2de302bf1aa3cf4c9157dbe6f50ac7eb'  itemscope=\"itemscope\" itemtype=\"https:\/\/schema.org\/CreativeWork\" ><div class='avia_textblock'  itemprop=\"text\" ><p><strong>Ako dolazite iz Zagreba,Rijeke i Dubrovnika:<\/strong><\/p>\n<p>&#8211; s autoceste A1 &#8211; prvi izlaz Dugopolje-Split &#8230; slijedite Split dalje, a zatim \u0107ete voziti oko 10-15min i pratiti izlaz ozna\u010den Split-Dubrovnik &#8230; NEMOJTE ulaziti u Split &#8230; nastavljate cestom u smjeru Omi\u0161-Dubrovnik &#8230; vozimo jo\u0161 oko 15min (10km) &#8230; mi smo na moru s desne strane\u00a0 (GPS 43.486373, 16.547502) \u2013 nakon 500 m poslije Hotela\u201cLe Merridien\u201c<\/p>\n<\/div><\/section><\/div>\n<style type=\"text\/css\" data-created_by=\"avia_inline_auto\" id=\"style-css-av-av_one_half-93bea18e2ccb60552a17080633244dec\">\n.flex_column.av-av_one_half-93bea18e2ccb60552a17080633244dec{\nborder-radius:0px 0px 0px 0px;\n-webkit-border-radius:0px 0px 0px 0px;\n-moz-border-radius:0px 0px 0px 0px;\n}\n<\/style>\n<div class='flex_column av-av_one_half-93bea18e2ccb60552a17080633244dec av_one_half  avia-builder-el-15  el_after_av_one_half  avia-builder-el-last  flex_column_div  av-animated-generic bottom-to-top av-zero-column-padding '   ><section  class='av_textblock_section av-l4wudhgf-73cdc487477ae722597169307981587a'  itemscope=\"itemscope\" itemtype=\"https:\/\/schema.org\/CreativeWork\" ><div class='avia_textblock'  itemprop=\"text\" ><p><strong>Informacije o kontaktu<\/strong><\/p>\n<p><strong>Kontakt osobe:<\/strong><br \/>\nAN\u0110ELKA I NIK\u0160A RU\u017dI\u0106<\/p>\n<p><strong>gsm:<\/strong>\u00a0 \u00a0 \u00a0 \u00a0 \u00a0 +385915182645<br \/>\n<strong>tel:<\/strong>\u00a0 \u00a0 \u00a0 \u00a0 \u00a0 \u00a0 \u00a0+38521335340<br \/>\n<strong>adresa:<\/strong>\u00a0 \u00a0 \u00a0Grljeva\u010dka 88;21312 Podstrana<br \/>\n<strong>e-mail:<\/strong>\u00a0 \u00a0 \u00a0 \u00a0niksaruzic1@gmail.com<\/p>\n<\/div><\/section><\/div>\n","protected":false},"excerpt":{"rendered":"","protected":false},"author":1,"featured_media":0,"parent":0,"menu_order":0,"comment_status":"closed","ping_status":"closed","template":"","meta":{"footnotes":""},"class_list":["post-844","page","type-page","status-publish","hentry"],"_links":{"self":[{"href":"http:\/\/www.villa-palms.com\/hr\/wp-json\/wp\/v2\/pages\/844","targetHints":{"allow":["GET"]}}],"collection":[{"href":"http:\/\/www.villa-palms.com\/hr\/wp-json\/wp\/v2\/pages"}],"about":[{"href":"http:\/\/www.villa-palms.com\/hr\/wp-json\/wp\/v2\/types\/page"}],"author":[{"embeddable":true,"href":"http:\/\/www.villa-palms.com\/hr\/wp-json\/wp\/v2\/users\/1"}],"replies":[{"embeddable":true,"href":"http:\/\/www.villa-palms.com\/hr\/wp-json\/wp\/v2\/comments?post=844"}],"version-history":[{"count":21,"href":"http:\/\/www.villa-palms.com\/hr\/wp-json\/wp\/v2\/pages\/844\/revisions"}],"predecessor-version":[{"id":1985,"href":"http:\/\/www.villa-palms.com\/hr\/wp-json\/wp\/v2\/pages\/844\/revisions\/1985"}],"wp:attachment":[{"href":"http:\/\/www.villa-palms.com\/hr\/wp-json\/wp\/v2\/media?parent=844"}],"curies":[{"name":"wp","href":"https:\/\/api.w.org\/{rel}","templated":true}]}}