{"id":943,"date":"2017-11-15T13:14:24","date_gmt":"2017-11-15T12:14:24","guid":{"rendered":"http:\/\/www.villa-palms.com\/?page_id=943"},"modified":"2024-01-29T13:30:56","modified_gmt":"2024-01-29T12:30:56","slug":"ap1_zapad","status":"publish","type":"page","link":"http:\/\/www.villa-palms.com\/hr\/ap1_zapad\/","title":{"rendered":"Apartman 1 (Zapad)"},"content":{"rendered":"\n<style type=\"text\/css\" data-created_by=\"avia_inline_auto\" id=\"style-css-av-av_section-80881c40bb991a91649ecf09354abdb3\">\n.avia-section.av-av_section-80881c40bb991a91649ecf09354abdb3{\nbackground-repeat:no-repeat;\nbackground-image:url(http:\/\/www.villa-palms.com\/wp-content\/uploads\/2015\/07\/Image_Palma_31.jpg);\nbackground-position:50% 100%;\nbackground-attachment:scroll;\n}\n<\/style>\n<div id='av_section_1'  class='avia-section av-av_section-80881c40bb991a91649ecf09354abdb3 main_color avia-section-default avia-no-shadow  avia-builder-el-0  el_before_av_section  avia-builder-el-first  avia-full-stretch avia-bg-style-scroll av-minimum-height av-minimum-height-custom  container_wrap fullsize'  data-section-bg-repeat='stretch'><div class='container av-section-cont-open' style='height:430px'><main  role=\"main\" itemprop=\"mainContentOfPage\"  class='template-page content  av-content-full alpha units'><div class='post-entry post-entry-type-page post-entry-943'><div class='entry-content-wrapper clearfix'>\n<\/div><\/div><\/main><!-- close content main element --><\/div><\/div><div id='av_section_2'  class='avia-section av-av_section-a7f4b9f6c0fadca6ca6d08ca060d1099 main_color avia-section-default avia-no-border-styling  avia-builder-el-1  el_after_av_section  el_before_av_layout_row  avia-bg-style-scroll container_wrap fullsize'  ><div class='container av-section-cont-open' ><div class='template-page content  av-content-full alpha units'><div class='post-entry post-entry-type-page post-entry-943'><div class='entry-content-wrapper clearfix'>\n\n<style type=\"text\/css\" data-created_by=\"avia_inline_auto\" id=\"style-css-av-av_one_full-8a5c137dca03b27b9be9204f656b6ec1\">\n#top .flex_column.av-av_one_full-8a5c137dca03b27b9be9204f656b6ec1{\nmargin-top:-135px;\nmargin-bottom:0px;\n}\n.flex_column.av-av_one_full-8a5c137dca03b27b9be9204f656b6ec1{\nborder-radius:0px 0px 0px 0px;\n-webkit-border-radius:0px 0px 0px 0px;\n-moz-border-radius:0px 0px 0px 0px;\npadding:30px 30px 30px 30px;\nbackground-color:#f7f3e3;\n}\n.responsive #top #wrap_all .flex_column.av-av_one_full-8a5c137dca03b27b9be9204f656b6ec1{\nmargin-top:-135px;\nmargin-bottom:0px;\n}\n<\/style>\n<div class='flex_column av-av_one_full-8a5c137dca03b27b9be9204f656b6ec1 av_one_full  avia-builder-el-2  avia-builder-el-no-sibling  first flex_column_div '   ><style type=\"text\/css\" data-created_by=\"avia_inline_auto\" id=\"style-css-av-av_heading-f9dd27b9287bae20948d52cfb8405666\">\n#top .av-special-heading.av-av_heading-f9dd27b9287bae20948d52cfb8405666{\npadding-bottom:20px;\nfont-size:40px;\n}\nbody .av-special-heading.av-av_heading-f9dd27b9287bae20948d52cfb8405666 .av-special-heading-tag .heading-char{\nfont-size:25px;\n}\n#top #wrap_all .av-special-heading.av-av_heading-f9dd27b9287bae20948d52cfb8405666 .av-special-heading-tag{\nfont-size:40px;\n}\n.av-special-heading.av-av_heading-f9dd27b9287bae20948d52cfb8405666 .av-subheading{\nfont-size:21px;\n}\n<\/style>\n<div  class='av-special-heading av-av_heading-f9dd27b9287bae20948d52cfb8405666 av-special-heading-h1 blockquote modern-quote modern-centered  avia-builder-el-3  avia-builder-el-no-sibling  av-inherit-size'><h1 class='av-special-heading-tag'  itemprop=\"headline\"  >Aparman 4+1 Zapad  (1 kat )<\/h1><div class='av-subheading av-subheading_below'><p>Za one koji vole privla\u010dan osje\u0107aj i ugodnu atmosferu<\/p>\n<\/div><div class=\"special-heading-border\"><div class=\"special-heading-inner-border\"><\/div><\/div><\/div><\/div>\n\n<\/div><\/div><\/div><!-- close content main div --><\/div><\/div><div id='av-layout-grid-1'  class='av-layout-grid-container av-av_layout_row-d33986b140bd8e03ac046ce4e36b6832 entry-content-wrapper main_color av-flex-cells  avia-builder-el-4  el_after_av_section  el_before_av_masonry_gallery  grid-row-not-first  container_wrap fullsize'  >\n\n<style type=\"text\/css\" data-created_by=\"avia_inline_auto\" id=\"style-css-av-av_cell_two_fifth-85098bf606144513e86902bcf5557393\">\n.flex_cell.av-av_cell_two_fifth-85098bf606144513e86902bcf5557393{\nvertical-align:middle;\nheight:400px;\nmin-height:400px;\npadding:60px 60px 60px 60px;\nbackground:url(http:\/\/www.villa-palms.com\/wp-content\/uploads\/2017\/11\/Iznad-prve-po-redu-Balcony-of-AP-41-West.jpg) 50% 50% no-repeat scroll ;\n}\n<\/style>\n<div class='flex_cell av_two_fifth av-av_cell_two_fifth-85098bf606144513e86902bcf5557393 no_margin  avia-builder-el-5  el_before_av_cell_three_fifth  avia-builder-el-first  avia-full-stretch' ><div class='flex_cell_inner'><\/div><\/div>\n<style type=\"text\/css\" data-created_by=\"avia_inline_auto\" id=\"style-css-av-av_cell_three_fifth-130da975143fe50c05cdf73ef833f6a4\">\n.flex_cell.av-av_cell_three_fifth-130da975143fe50c05cdf73ef833f6a4{\nvertical-align:middle;\nheight:400px;\nmin-height:400px;\npadding:60px 60px 60px 60px;\nbackground-color:#f7f3e3;\n}\n<\/style>\n<div class='flex_cell av_three_fifth av-av_cell_three_fifth-130da975143fe50c05cdf73ef833f6a4 no_margin  avia-builder-el-6  el_after_av_cell_two_fifth  avia-builder-el-last  avia-full-contain' ><div class='flex_cell_inner'><p>\n<style type=\"text\/css\" data-created_by=\"avia_inline_auto\" id=\"style-css-av-av_heading-458ae8c4d891bdd843e4532630d91144\">\n#top .av-special-heading.av-av_heading-458ae8c4d891bdd843e4532630d91144{\npadding-bottom:0px;\n}\nbody .av-special-heading.av-av_heading-458ae8c4d891bdd843e4532630d91144 .av-special-heading-tag .heading-char{\nfont-size:25px;\n}\n.av-special-heading.av-av_heading-458ae8c4d891bdd843e4532630d91144 .av-subheading{\nfont-size:15px;\n}\n<\/style>\n<div  class='av-special-heading av-av_heading-458ae8c4d891bdd843e4532630d91144 av-special-heading-h3 blockquote modern-quote  avia-builder-el-7  el_before_av_textblock  avia-builder-el-first '><h3 class='av-special-heading-tag'  itemprop=\"headline\"  >Aparman 4+1 Zapad <\/h3><div class='av-subheading av-subheading_below'><p>1 kat<\/p>\n<\/div><div class=\"special-heading-border\"><div class=\"special-heading-inner-border\"><\/div><\/div><\/div><br \/>\n<section  class='av_textblock_section av-av_textblock-2de302bf1aa3cf4c9157dbe6f50ac7eb'  itemscope=\"itemscope\" itemtype=\"https:\/\/schema.org\/CreativeWork\" ><div class='avia_textblock'  itemprop=\"text\" ><p>AP 4+1 Zapad ***(4) se nalazi na 1 katu , sa panoramskim pogledom na more,bra\u010dko-splitski zaljev i otoke, na zapadu prema Splitu, te na pla\u017eu i vrt. Pru\u017ea priliku za u\u017eivanje u pogledu na prve zrake jutarnjeg sunca, dnevna zbivanja na pla\u017ei i moru te pogled na odsjaj mjese\u010dine u toploj ljetnoj no\u0107i .<\/p>\n<\/div><\/section><br \/>\n\n<style type=\"text\/css\" data-created_by=\"avia_inline_auto\" id=\"style-css-av-av_hr-1deae294de86921cadf9622fb2da0879\">\n#top .hr.hr-invisible.av-av_hr-1deae294de86921cadf9622fb2da0879{\nheight:25px;\n}\n<\/style>\n<div  class='hr av-av_hr-1deae294de86921cadf9622fb2da0879 hr-invisible  avia-builder-el-9  el_after_av_textblock  el_before_av_button '><span class='hr-inner '><span class=\"hr-inner-style\"><\/span><\/span><\/div><br \/>\n<div  class='avia-button-wrap avia-button-left  avia-builder-el-10  el_after_av_hr  avia-builder-el-last ' ><a href='http:\/\/www.villa-palms.com\/hr\/kontakt\/'  class='avia-button av-av_button-0670294d8061aaa80a755e94ba6ea373 avia-icon_select-no avia-size-large avia-position-left avia-color-theme-color' ><span class='avia_iconbox_title' >REZERVIRAJ ODMAH<\/span><\/a><\/div><\/p>\n<\/div><\/div>\n<\/div>\n<div id='av-masonry-1' class='av-masonry av-av_masonry_gallery-a1419850ed571558ba6eb51b69fb5c70 noHover av-fixed-size av-no-gap av-hover-overlay-active av-masonry-animation-active av-masonry-col-5 av-caption-always av-caption-style- av-masonry-gallery '><div class=\"av-masonry-container isotope av-js-disabled\"><div class='av-masonry-entry isotope-item av-masonry-item-no-image '><\/div><a href=\"http:\/\/www.villa-palms.com\/wp-content\/uploads\/2017\/11\/1-po-redu-Bathroom-AP-West.jpg\" data-srcset=\"http:\/\/www.villa-palms.com\/wp-content\/uploads\/2017\/11\/1-po-redu-Bathroom-AP-West.jpg 678w, http:\/\/www.villa-palms.com\/wp-content\/uploads\/2017\/11\/1-po-redu-Bathroom-AP-West-199x300.jpg 199w, http:\/\/www.villa-palms.com\/wp-content\/uploads\/2017\/11\/1-po-redu-Bathroom-AP-West-467x705.jpg 467w, http:\/\/www.villa-palms.com\/wp-content\/uploads\/2017\/11\/1-po-redu-Bathroom-AP-West-450x680.jpg 450w\" data-sizes=\"(max-width: 678px) 100vw, 678px\"  aria-label=\"image 1 po redu -Bathroom AP West\"  id='av-masonry-1-item-1896' data-av-masonry-item='1896' class='av-masonry-entry isotope-item post-1896 attachment type-attachment status-inherit hentry  av-masonry-item-with-image' title=\"1 po redu -Bathroom AP West\" alt=\"\"   itemprop=\"thumbnailUrl\" ><div class='av-inner-masonry-sizer'><\/div><figure class='av-inner-masonry main_color'><div class=\"av-masonry-outerimage-container\"><div class='av-masonry-image-container' style=\"background-image: url(http:\/\/www.villa-palms.com\/wp-content\/uploads\/2017\/11\/1-po-redu-Bathroom-AP-West-467x705.jpg);\"  title=\"1 po redu -Bathroom AP West\"  ><\/div><\/div><\/figure><\/a><!--end av-masonry entry--><a href=\"http:\/\/www.villa-palms.com\/wp-content\/uploads\/2017\/11\/1-po-redu-Kitchen-1c.jpg\" data-srcset=\"http:\/\/www.villa-palms.com\/wp-content\/uploads\/2017\/11\/1-po-redu-Kitchen-1c.jpg 1024w, http:\/\/www.villa-palms.com\/wp-content\/uploads\/2017\/11\/1-po-redu-Kitchen-1c-300x199.jpg 300w, http:\/\/www.villa-palms.com\/wp-content\/uploads\/2017\/11\/1-po-redu-Kitchen-1c-768x509.jpg 768w, http:\/\/www.villa-palms.com\/wp-content\/uploads\/2017\/11\/1-po-redu-Kitchen-1c-705x467.jpg 705w, http:\/\/www.villa-palms.com\/wp-content\/uploads\/2017\/11\/1-po-redu-Kitchen-1c-450x298.jpg 450w\" data-sizes=\"(max-width: 1024px) 100vw, 1024px\"  aria-label=\"image Kitchen 1c\"  id='av-masonry-1-item-1886' data-av-masonry-item='1886' class='av-masonry-entry isotope-item post-1886 attachment type-attachment status-inherit hentry  av-masonry-item-with-image' title=\"Kitchen 1c\" alt=\"\"   itemprop=\"thumbnailUrl\" ><div class='av-inner-masonry-sizer'><\/div><figure class='av-inner-masonry main_color'><div class=\"av-masonry-outerimage-container\"><div class='av-masonry-image-container' style=\"background-image: url(http:\/\/www.villa-palms.com\/wp-content\/uploads\/2017\/11\/1-po-redu-Kitchen-1c-705x467.jpg);\"  title=\"Kitchen 1c\"  ><\/div><\/div><\/figure><\/a><!--end av-masonry entry--><a href=\"http:\/\/www.villa-palms.com\/wp-content\/uploads\/2017\/11\/2-po-redu-Kitchen-with-dinning-room-AP-41-West-2.jpg\" data-srcset=\"http:\/\/www.villa-palms.com\/wp-content\/uploads\/2017\/11\/2-po-redu-Kitchen-with-dinning-room-AP-41-West-2.jpg 800w, http:\/\/www.villa-palms.com\/wp-content\/uploads\/2017\/11\/2-po-redu-Kitchen-with-dinning-room-AP-41-West-2-300x200.jpg 300w, http:\/\/www.villa-palms.com\/wp-content\/uploads\/2017\/11\/2-po-redu-Kitchen-with-dinning-room-AP-41-West-2-768x512.jpg 768w, http:\/\/www.villa-palms.com\/wp-content\/uploads\/2017\/11\/2-po-redu-Kitchen-with-dinning-room-AP-41-West-2-705x470.jpg 705w, http:\/\/www.villa-palms.com\/wp-content\/uploads\/2017\/11\/2-po-redu-Kitchen-with-dinning-room-AP-41-West-2-450x300.jpg 450w\" data-sizes=\"(max-width: 800px) 100vw, 800px\"  aria-label=\"image Kitchen with dinning room AP 4+1 West (2)\"  id='av-masonry-1-item-1887' data-av-masonry-item='1887' class='av-masonry-entry isotope-item post-1887 attachment type-attachment status-inherit hentry  av-masonry-item-with-image' title=\"Kitchen with dinning room AP 4+1 West (2)\" alt=\"\"   itemprop=\"thumbnailUrl\" ><div class='av-inner-masonry-sizer'><\/div><figure class='av-inner-masonry main_color'><div class=\"av-masonry-outerimage-container\"><div class='av-masonry-image-container' style=\"background-image: url(http:\/\/www.villa-palms.com\/wp-content\/uploads\/2017\/11\/2-po-redu-Kitchen-with-dinning-room-AP-41-West-2-705x470.jpg);\"  title=\"Kitchen with dinning room AP 4+1 West (2)\"  ><\/div><\/div><\/figure><\/a><!--end av-masonry entry--><a href=\"http:\/\/www.villa-palms.com\/wp-content\/uploads\/2017\/11\/3-po-redu-Kitchen-1a.jpg\" data-srcset=\"http:\/\/www.villa-palms.com\/wp-content\/uploads\/2017\/11\/3-po-redu-Kitchen-1a.jpg 639w, http:\/\/www.villa-palms.com\/wp-content\/uploads\/2017\/11\/3-po-redu-Kitchen-1a-300x200.jpg 300w, http:\/\/www.villa-palms.com\/wp-content\/uploads\/2017\/11\/3-po-redu-Kitchen-1a-450x300.jpg 450w\" data-sizes=\"(max-width: 639px) 100vw, 639px\"  aria-label=\"image Kitchen 1a\"  id='av-masonry-1-item-1888' data-av-masonry-item='1888' class='av-masonry-entry isotope-item post-1888 attachment type-attachment status-inherit hentry  av-masonry-item-with-image' title=\"Kitchen 1a\" alt=\"\"   itemprop=\"thumbnailUrl\" ><div class='av-inner-masonry-sizer'><\/div><figure class='av-inner-masonry main_color'><div class=\"av-masonry-outerimage-container\"><div class='av-masonry-image-container' style=\"background-image: url(http:\/\/www.villa-palms.com\/wp-content\/uploads\/2017\/11\/3-po-redu-Kitchen-1a.jpg);\"  title=\"Kitchen 1a\"  ><\/div><\/div><\/figure><\/a><!--end av-masonry entry--><a href=\"http:\/\/www.villa-palms.com\/wp-content\/uploads\/2017\/11\/4-po-redu-Bedroom-2-of-AP-41a-West.jpg\" data-srcset=\"http:\/\/www.villa-palms.com\/wp-content\/uploads\/2017\/11\/4-po-redu-Bedroom-2-of-AP-41a-West.jpg 639w, http:\/\/www.villa-palms.com\/wp-content\/uploads\/2017\/11\/4-po-redu-Bedroom-2-of-AP-41a-West-300x200.jpg 300w, http:\/\/www.villa-palms.com\/wp-content\/uploads\/2017\/11\/4-po-redu-Bedroom-2-of-AP-41a-West-450x300.jpg 450w\" data-sizes=\"(max-width: 639px) 100vw, 639px\"  aria-label=\"image Bedroom 2 of AP 4+1a West\"  id='av-masonry-1-item-1889' data-av-masonry-item='1889' class='av-masonry-entry isotope-item post-1889 attachment type-attachment status-inherit hentry  av-masonry-item-with-image' title=\"Bedroom 2 of AP 4+1a West\" alt=\"\"   itemprop=\"thumbnailUrl\" ><div class='av-inner-masonry-sizer'><\/div><figure class='av-inner-masonry main_color'><div class=\"av-masonry-outerimage-container\"><div class='av-masonry-image-container' style=\"background-image: url(http:\/\/www.villa-palms.com\/wp-content\/uploads\/2017\/11\/4-po-redu-Bedroom-2-of-AP-41a-West.jpg);\"  title=\"Bedroom 2 of AP 4+1a West\"  ><\/div><\/div><\/figure><\/a><!--end av-masonry entry--><\/div><a class='av-masonry-pagination av-masonry-load-more' href='#load-more'  data-ids='1142,1132,1133,1134,1135,1136,1137,1138,1139,1140,1141'  data-action=''  data-link='category'  data-post_type='post, page, attachment, revision, nav_menu_item, custom_css, customize_changeset, oembed_cache, user_request, wp_block, wp_template, wp_template_part, wp_global_styles, wp_navigation, wp_font_family, wp_font_face, tablepress_table, wpforms, wpforms-template, portfolio, avia_framework_post'  data-items='5'  data-size='fixed'  data-image_size='masonry'  data-gap='no'  data-overlay_fx='active'  data-animation='active'  data-offset='0'  data-container_links='active'  data-link_dest=''  data-lightbox_text=''  data-lazy_loading='disabled'  data-container_class='av-masonry-gallery'  data-paginate='load_more'  data-caption_elements='none'  data-caption_display='always'  data-caption_styling=''  data-wc_prod_visible=''  data-wc_prod_hidden=''  data-wc_prod_featured=''  data-prod_order_by=''  data-prod_order=''  data-sort='no'  data-columns='5'  data-auto_ratio='1.7'  data-set_breadcrumb='1'  data-custom_markup=''  data-query_orderby='date'  data-query_order='DESC'  data-color=''  data-custom_bg=''  data-custom_class=''  data-orientation=''  data-date_filter=''  data-date_filter_start=''  data-date_filter_end=''  data-date_filter_format='yy\/mm\/dd'  data-period_filter_unit_1=''  data-period_filter_unit_2=''  data-id=''  data-avno='e69fb1cd21'>Load more<\/a><\/div>\n\n<style type=\"text\/css\" data-created_by=\"avia_inline_auto\" id=\"style-css-av-av_heading-f8fdea34045bca39dc328c4d272c4fd4\">\n#top .av-special-heading.av-av_heading-f8fdea34045bca39dc328c4d272c4fd4{\npadding-bottom:50px;\n}\nbody .av-special-heading.av-av_heading-f8fdea34045bca39dc328c4d272c4fd4 .av-special-heading-tag .heading-char{\nfont-size:25px;\n}\n.av-special-heading.av-av_heading-f8fdea34045bca39dc328c4d272c4fd4 .av-subheading{\nfont-size:15px;\n}\n<\/style>\n<div  class='av-special-heading av-av_heading-f8fdea34045bca39dc328c4d272c4fd4 av-special-heading-h3 blockquote modern-quote modern-centered  avia-builder-el-12  el_after_av_masonry_gallery  el_before_av_one_full  avia-builder-el-first '><h3 class='av-special-heading-tag'  itemprop=\"headline\"  >OPREMA APARTMANA<\/h3><div class=\"special-heading-border\"><div class=\"special-heading-inner-border\"><\/div><\/div><\/div>\n\n<style type=\"text\/css\" data-created_by=\"avia_inline_auto\" id=\"style-css-av-av_one_full-15d750bd1b332b34c6e70b077ebbccdf\">\n.flex_column.av-av_one_full-15d750bd1b332b34c6e70b077ebbccdf{\nborder-radius:0px 0px 0px 0px;\n-webkit-border-radius:0px 0px 0px 0px;\n-moz-border-radius:0px 0px 0px 0px;\n}\n<\/style>\n<div class='flex_column av-av_one_full-15d750bd1b332b34c6e70b077ebbccdf av_one_full  avia-builder-el-13  el_after_av_heading  el_before_av_heading  first flex_column_div av-zero-column-padding '   ><section  class='av_textblock_section av-av_textblock-2de302bf1aa3cf4c9157dbe6f50ac7eb'  itemscope=\"itemscope\" itemtype=\"https:\/\/schema.org\/CreativeWork\" ><div class='avia_textblock'  itemprop=\"text\" ><ul>\n<li>broj le\u017eaja: ( 4+1 )<\/li>\n<li>spava\u0107a soba 1: (bra\u010dni krevet , posteljina)\u2013 pogled na more<\/li>\n<li>spava\u0107a soba 2: (bra\u010dni krevet , posteljina) \u2013 pogled na more<\/li>\n<li>kupaonica: (tu\u0161, WC, umivaonik, ru\u010dnici, sapun, WC papir)<\/li>\n<li>blagovaonica s kuhinjom: ( TV\/SAT, kau\u010d \u2013 mogu\u0107nost na razvla\u010denje za 1 osobu, stol i 5 stolica, hladnjak, zamrziva\u010d, mikrovalna, \u0161tednjak na struju, sudoper, aparat za grijanje vode, kompletno posu\u0111e, kuhinjske krpe)<\/li>\n<li>balkon i terasa: (natkriveni, garniture za sjedenje,tende za sunce)<\/li>\n<li>internet: (Wi-Fi be\u017ei\u010dni internet)<\/li>\n<li>klimatizacija: (u kuhinji s blagovaonicom se nalazi klima ure\u0111aj za cijeli apartman.Klima ure\u0111aj ima \u010dip karticu koja se programira na odre\u0111eni broj sati koliko vi \u017eelite potro\u0161iti.Kori\u0161tenje klima ure\u0111aja je djelomi\u010dno uklju\u010dena u cijenu a ostatak se pla\u0107a dodatno.)<\/li>\n<\/ul>\n<\/div><\/section><br \/>\n<div id='avia-messagebox-' class='avia_message_box av_notification av-av_notification-50041bce4eefe5a5a4cb8f199a5ed2e0 avia-color-silver avia-size-normal avia-icon_select-no avia-border-  avia-builder-el-15  el_after_av_textblock  avia-builder-el-last ' ><div class=\"avia_message_box_content\"><p>napomena: (ku\u0107ni ljubimci nisu dozvoljeni, pu\u0161enje nije dozvoljeno u zatvorenom prostoru)<\/p>\n<\/div><\/div><\/p><\/div>\n<style type=\"text\/css\" data-created_by=\"avia_inline_auto\" id=\"style-css-av-av_heading-8d56b5ec0d1e544ad00883334989cb57\">\n#top .av-special-heading.av-av_heading-8d56b5ec0d1e544ad00883334989cb57{\npadding-bottom:50px;\n}\nbody .av-special-heading.av-av_heading-8d56b5ec0d1e544ad00883334989cb57 .av-special-heading-tag .heading-char{\nfont-size:25px;\n}\n.av-special-heading.av-av_heading-8d56b5ec0d1e544ad00883334989cb57 .av-subheading{\nfont-size:15px;\n}\n<\/style>\n<div  class='av-special-heading av-av_heading-8d56b5ec0d1e544ad00883334989cb57 av-special-heading-h3 blockquote modern-quote modern-centered  avia-builder-el-16  el_after_av_one_full  el_before_av_one_full '><h3 class='av-special-heading-tag'  itemprop=\"headline\"  >CIJENIK<\/h3><div class=\"special-heading-border\"><div class=\"special-heading-inner-border\"><\/div><\/div><\/div><\/p>\n\n<style type=\"text\/css\" data-created_by=\"avia_inline_auto\" id=\"style-css-av-av_one_full-15d750bd1b332b34c6e70b077ebbccdf\">\n.flex_column.av-av_one_full-15d750bd1b332b34c6e70b077ebbccdf{\nborder-radius:0px 0px 0px 0px;\n-webkit-border-radius:0px 0px 0px 0px;\n-moz-border-radius:0px 0px 0px 0px;\n}\n<\/style>\n<div class='flex_column av-av_one_full-15d750bd1b332b34c6e70b077ebbccdf av_one_full  avia-builder-el-17  el_after_av_heading  el_before_av_button_big  avia-builder-el-last  first flex_column_div av-zero-column-padding '   ><section  class='av_textblock_section av-av_textblock-2de302bf1aa3cf4c9157dbe6f50ac7eb'  itemscope=\"itemscope\" itemtype=\"https:\/\/schema.org\/CreativeWork\" ><div class='avia_textblock'  itemprop=\"text\" >\n<table id=\"tablepress-1\" class=\"tablepress tablepress-id-1 tbody-has-connected-cells\">\n<thead>\n<tr class=\"row-1\">\n\t<th class=\"column-1\">Period<\/th><th class=\"column-2\">01.04.-30.04.<br \/>\n1.10. - 31.10.<br \/>\n<\/th><th class=\"column-3\">01.05.-30.05<\/th><th class=\"column-4\">01.06-30.06.<br \/>\n1.09.-30.09<\/th><th class=\"column-5\">01.07-31.08.<\/th>\n<\/tr>\n<\/thead>\n<tbody class=\"row-striping row-hover\">\n<tr class=\"row-2\">\n\t<td class=\"column-1\">cijena apartman\/dan<\/td><td class=\"column-2\">95 \u20ac<\/td><td class=\"column-3\">115 \u20ac<\/td><td class=\"column-4\">135 \u20ac<\/td><td class=\"column-5\">175 \u20ac<\/td>\n<\/tr>\n<tr class=\"row-3\">\n\t<td class=\"column-1\">broj osoba<\/td><td colspan=\"4\" class=\"column-2\">4 osobe<\/td>\n<\/tr>\n<tr class=\"row-4\">\n\t<td class=\"column-1\">smjena<\/td><td colspan=\"4\" class=\"column-2\">svaki dan<\/td>\n<\/tr>\n<tr class=\"row-5\">\n\t<td class=\"column-1\">minimalni boravak (dana)<\/td><td class=\"column-2\">2<\/td><td class=\"column-3\">2<\/td><td class=\"column-4\">5<\/td><td class=\"column-5\">7<\/td>\n<\/tr>\n<tr class=\"row-6\">\n\t<td class=\"column-1\">nadoplata<\/td><td colspan=\"4\" class=\"column-2\">(+1) - nadoplata 15 euro na dan<\/td>\n<\/tr>\n<\/tbody>\n<\/table>\n<!-- #tablepress-1 from cache -->\n<\/div><\/section><\/div>\n<div  class='avia-button-wrap avia-button-center  avia-builder-el-19  el_after_av_one_full  avia-builder-el-last ' >\n<style type=\"text\/css\" data-created_by=\"avia_inline_auto\" id=\"style-css-av-av_button_big-b1c3c63692902c5eab9e7e80dc21640d\">\n#top #wrap_all .avia-button.av-av_button_big-b1c3c63692902c5eab9e7e80dc21640d{\ncolor:#ffffff;\ntransition:all 0.4s ease-in-out;\n-webkit-transition:all 0.4s ease-in-out;\n-moz-transition:all 0.4s ease-in-out;\n-ms-transition:all 0.4s ease-in-out;\n-o-transition:all 0.4s ease-in-out;\n}\n#top #wrap_all .avia-button.av-av_button_big-b1c3c63692902c5eab9e7e80dc21640d:hover{\nbackground-color:orange;\ncolor:#ffffff;\ntransition:all 0.4s ease-in-out;\n-webkit-transition:all 0.4s ease-in-out;\n-moz-transition:all 0.4s ease-in-out;\n-ms-transition:all 0.4s ease-in-out;\n-o-transition:all 0.4s ease-in-out;\n}\n<\/style>\n<a href='http:\/\/www.villa-palms.com\/hr\/apartmani\/' class='avia-color-theme-color avia-button avia-button-fullwidth av-av_button_big-b1c3c63692902c5eab9e7e80dc21640d avia-icon_select-no avia-color-theme-color' ><span class='avia_iconbox_title' >POGLEDAJ OSTALE APARTMANE<\/span><\/a><\/div>\n","protected":false},"excerpt":{"rendered":"","protected":false},"author":1,"featured_media":0,"parent":0,"menu_order":0,"comment_status":"closed","ping_status":"closed","template":"","meta":{"footnotes":""},"class_list":["post-943","page","type-page","status-publish","hentry"],"_links":{"self":[{"href":"http:\/\/www.villa-palms.com\/hr\/wp-json\/wp\/v2\/pages\/943","targetHints":{"allow":["GET"]}}],"collection":[{"href":"http:\/\/www.villa-palms.com\/hr\/wp-json\/wp\/v2\/pages"}],"about":[{"href":"http:\/\/www.villa-palms.com\/hr\/wp-json\/wp\/v2\/types\/page"}],"author":[{"embeddable":true,"href":"http:\/\/www.villa-palms.com\/hr\/wp-json\/wp\/v2\/users\/1"}],"replies":[{"embeddable":true,"href":"http:\/\/www.villa-palms.com\/hr\/wp-json\/wp\/v2\/comments?post=943"}],"version-history":[{"count":27,"href":"http:\/\/www.villa-palms.com\/hr\/wp-json\/wp\/v2\/pages\/943\/revisions"}],"predecessor-version":[{"id":2136,"href":"http:\/\/www.villa-palms.com\/hr\/wp-json\/wp\/v2\/pages\/943\/revisions\/2136"}],"wp:attachment":[{"href":"http:\/\/www.villa-palms.com\/hr\/wp-json\/wp\/v2\/media?parent=943"}],"curies":[{"name":"wp","href":"https:\/\/api.w.org\/{rel}","templated":true}]}}