{"id":999,"date":"2017-11-15T13:58:34","date_gmt":"2017-11-15T12:58:34","guid":{"rendered":"http:\/\/www.villa-palms.com\/?page_id=999"},"modified":"2024-01-29T13:31:36","modified_gmt":"2024-01-29T12:31:36","slug":"ap4","status":"publish","type":"page","link":"https:\/\/www.villa-palms.com\/hr\/ap4\/","title":{"rendered":"Apartman 4 (2+1)"},"content":{"rendered":"\n<style type=\"text\/css\" data-created_by=\"avia_inline_auto\" id=\"style-css-av-3c1p0n-d3385bc69d099c07f253eb28c7919100\">\n.avia-section.av-3c1p0n-d3385bc69d099c07f253eb28c7919100{\nbackground-repeat:no-repeat;\nbackground-image:url(https:\/\/www.villa-palms.com\/wp-content\/uploads\/2015\/07\/Image_Palma_31.jpg);\nbackground-position:50% 100%;\nbackground-attachment:scroll;\n}\n<\/style>\n<div id='av_section_1'  class='avia-section av-3c1p0n-d3385bc69d099c07f253eb28c7919100 main_color avia-section-default avia-no-shadow  avia-builder-el-0  el_before_av_section  avia-builder-el-first  avia-full-stretch avia-bg-style-scroll av-minimum-height av-minimum-height-custom  container_wrap fullsize'  data-section-bg-repeat='stretch'><div class='container av-section-cont-open' style='height:430px'><main  role=\"main\" itemprop=\"mainContentOfPage\"  class='template-page content  av-content-full alpha units'><div class='post-entry post-entry-type-page post-entry-999'><div class='entry-content-wrapper clearfix'>\n<\/div><\/div><\/main><!-- close content main element --><\/div><\/div><div id='av_section_2'  class='avia-section av-butqn-39abdec9d58c80228ec698884f6bc2c0 main_color avia-section-default avia-no-border-styling  avia-builder-el-1  el_after_av_section  el_before_av_layout_row  avia-bg-style-scroll container_wrap fullsize'  ><div class='container av-section-cont-open' ><div class='template-page content  av-content-full alpha units'><div class='post-entry post-entry-type-page post-entry-999'><div class='entry-content-wrapper clearfix'>\n\n<style type=\"text\/css\" data-created_by=\"avia_inline_auto\" id=\"style-css-av-334iin-ca7605a9aa32df9d76cdbf69a2a66dec\">\n#top .flex_column.av-334iin-ca7605a9aa32df9d76cdbf69a2a66dec{\nmargin-top:-135px;\nmargin-bottom:0px;\n}\n.flex_column.av-334iin-ca7605a9aa32df9d76cdbf69a2a66dec{\nborder-radius:0px 0px 0px 0px;\n-webkit-border-radius:0px 0px 0px 0px;\n-moz-border-radius:0px 0px 0px 0px;\npadding:30px 30px 30px 30px;\nbackground-color:#f7f3e3;\n}\n.responsive #top #wrap_all .flex_column.av-334iin-ca7605a9aa32df9d76cdbf69a2a66dec{\nmargin-top:-135px;\nmargin-bottom:0px;\n}\n<\/style>\n<div class='flex_column av-334iin-ca7605a9aa32df9d76cdbf69a2a66dec av_one_full  avia-builder-el-2  avia-builder-el-no-sibling  first flex_column_div '   ><style type=\"text\/css\" data-created_by=\"avia_inline_auto\" id=\"style-css-av-2xqhy7-10a87e6bb8a61a8316504e1de687cb6a\">\n#top .av-special-heading.av-2xqhy7-10a87e6bb8a61a8316504e1de687cb6a{\npadding-bottom:20px;\nfont-size:40px;\n}\nbody .av-special-heading.av-2xqhy7-10a87e6bb8a61a8316504e1de687cb6a .av-special-heading-tag .heading-char{\nfont-size:25px;\n}\n#top #wrap_all .av-special-heading.av-2xqhy7-10a87e6bb8a61a8316504e1de687cb6a .av-special-heading-tag{\nfont-size:40px;\n}\n.av-special-heading.av-2xqhy7-10a87e6bb8a61a8316504e1de687cb6a .av-subheading{\nfont-size:21px;\n}\n<\/style>\n<div  class='av-special-heading av-2xqhy7-10a87e6bb8a61a8316504e1de687cb6a av-special-heading-h1 blockquote modern-quote modern-centered  avia-builder-el-3  avia-builder-el-no-sibling  av-inherit-size'><h1 class='av-special-heading-tag'  itemprop=\"headline\"  >Apartman 2+1 <\/h1><div class='av-subheading av-subheading_below'><p>Za one koji vole privla\u010dan osje\u0107aj i ugodnu atmosferu<\/p>\n<\/div><div class=\"special-heading-border\"><div class=\"special-heading-inner-border\"><\/div><\/div><\/div><\/div>\n\n<\/div><\/div><\/div><!-- close content main div --><\/div><\/div><div id='av-layout-grid-1'  class='av-layout-grid-container av-2scl8n-1600703ab4b0107ec6004bf1ce3b8000 entry-content-wrapper main_color av-flex-cells  avia-builder-el-4  el_after_av_section  el_before_av_masonry_gallery  grid-row-not-first  container_wrap fullsize'  >\n\n<style type=\"text\/css\" data-created_by=\"avia_inline_auto\" id=\"style-css-av-2lrenr-e712853d3f694da981dc5d813d949ec3\">\n.flex_cell.av-2lrenr-e712853d3f694da981dc5d813d949ec3{\nvertical-align:middle;\nheight:400px;\nmin-height:400px;\npadding:60px 60px 60px 60px;\nbackground:url(https:\/\/www.villa-palms.com\/wp-content\/uploads\/2019\/08\/DSC_2998p-1-1030x687.jpg) 50% 50% no-repeat scroll ;\n}\n<\/style>\n<div class='flex_cell av_two_fifth av-2lrenr-e712853d3f694da981dc5d813d949ec3 no_margin  avia-builder-el-5  el_before_av_cell_three_fifth  avia-builder-el-first  avia-full-stretch' ><div class='flex_cell_inner'><\/div><\/div>\n<style type=\"text\/css\" data-created_by=\"avia_inline_auto\" id=\"style-css-av-2fntkf-66fb46d2651363e719755eeffb71df7d\">\n.flex_cell.av-2fntkf-66fb46d2651363e719755eeffb71df7d{\nvertical-align:middle;\nheight:400px;\nmin-height:400px;\npadding:60px 60px 60px 60px;\nbackground-color:#f7f3e3;\n}\n<\/style>\n<div class='flex_cell av_three_fifth av-2fntkf-66fb46d2651363e719755eeffb71df7d no_margin  avia-builder-el-6  el_after_av_cell_two_fifth  avia-builder-el-last  avia-full-contain' ><div class='flex_cell_inner'><p>\n<style type=\"text\/css\" data-created_by=\"avia_inline_auto\" id=\"style-css-av-27wyzj-365db313edf7c293df388df027dce99c\">\n#top .av-special-heading.av-27wyzj-365db313edf7c293df388df027dce99c{\npadding-bottom:0px;\n}\nbody .av-special-heading.av-27wyzj-365db313edf7c293df388df027dce99c .av-special-heading-tag .heading-char{\nfont-size:25px;\n}\n.av-special-heading.av-27wyzj-365db313edf7c293df388df027dce99c .av-subheading{\nfont-size:15px;\n}\n<\/style>\n<div  class='av-special-heading av-27wyzj-365db313edf7c293df388df027dce99c av-special-heading-h3 blockquote modern-quote  avia-builder-el-7  el_before_av_textblock  avia-builder-el-first '><h3 class='av-special-heading-tag'  itemprop=\"headline\"  >Apartman 2+1<\/h3><div class='av-subheading av-subheading_below'><p>2 kat<\/p>\n<\/div><div class=\"special-heading-border\"><div class=\"special-heading-inner-border\"><\/div><\/div><\/div><br \/>\n<section  class='av_textblock_section av-2287uf-c822e7f353c8681d6f9599fe5541392b'  itemscope=\"itemscope\" itemtype=\"https:\/\/schema.org\/CreativeWork\" ><div class='avia_textblock'  itemprop=\"text\" ><p><strong>Apartman 2+1***<\/strong>(2+1).se nalazi na 2 katu , sa panoramskim pogledom planinu \u201ePerun\u201c i polja. Pru\u017ea priliku za u\u017eivanje u pogledu na prve zrake jutarnjeg sunca te pogled na odsjaj mjese\u010dine u toploj ljetnoj no\u0107i .<\/p>\n<\/div><\/section><br \/>\n\n<style type=\"text\/css\" data-created_by=\"avia_inline_auto\" id=\"style-css-av-1wafuv-2e85b976f97170f6f7a20869e322b616\">\n#top .hr.hr-invisible.av-1wafuv-2e85b976f97170f6f7a20869e322b616{\nheight:25px;\n}\n<\/style>\n<div  class='hr av-1wafuv-2e85b976f97170f6f7a20869e322b616 hr-invisible  avia-builder-el-9  el_after_av_textblock  el_before_av_button '><span class='hr-inner '><span class=\"hr-inner-style\"><\/span><\/span><\/div><br \/>\n<div  class='avia-button-wrap avia-button-left  avia-builder-el-10  el_after_av_hr  avia-builder-el-last ' ><a href='https:\/\/www.villa-palms.com\/hr\/kontakt\/'  class='avia-button av-1reenz-5b4363598ca5d338c882bfc21955db5e avia-icon_select-no avia-size-large avia-position-left avia-color-theme-color' ><span class='avia_iconbox_title' >REZERVIRAJ ODMAH<\/span><\/a><\/div><\/p>\n<\/div><\/div><\/div><div id='av-masonry-1' class='av-masonry av-1i7ytz-da1a0524b62ef098dedd8fec9935341c noHover av-fixed-size av-no-gap av-hover-overlay-active av-masonry-animation-active av-masonry-col-5 av-caption-always av-caption-style- av-masonry-gallery '><div class=\"av-masonry-container isotope av-js-disabled\"><div class='av-masonry-entry isotope-item av-masonry-item-no-image '><\/div><a href=\"https:\/\/www.villa-palms.com\/wp-content\/uploads\/2017\/11\/1-po-redu.-AP-21-1030x655.jpg\" data-srcset=\"https:\/\/www.villa-palms.com\/wp-content\/uploads\/2017\/11\/1-po-redu.-AP-21-1030x655.jpg 1030w, https:\/\/www.villa-palms.com\/wp-content\/uploads\/2017\/11\/1-po-redu.-AP-21-300x191.jpg 300w, https:\/\/www.villa-palms.com\/wp-content\/uploads\/2017\/11\/1-po-redu.-AP-21-768x489.jpg 768w, https:\/\/www.villa-palms.com\/wp-content\/uploads\/2017\/11\/1-po-redu.-AP-21-1500x955.jpg 1500w, https:\/\/www.villa-palms.com\/wp-content\/uploads\/2017\/11\/1-po-redu.-AP-21-705x449.jpg 705w, https:\/\/www.villa-palms.com\/wp-content\/uploads\/2017\/11\/1-po-redu.-AP-21-450x286.jpg 450w\" data-sizes=\"(max-width: 1030px) 100vw, 1030px\"  aria-label=\"image image with no title\"  id='av-masonry-1-item-1902' data-av-masonry-item='1902' class='av-masonry-entry isotope-item post-1902 attachment type-attachment status-inherit hentry  av-masonry-item-with-image' title=\"\" alt=\"\"   itemprop=\"thumbnailUrl\" ><div class='av-inner-masonry-sizer'><\/div><figure class='av-inner-masonry main_color'><div class=\"av-masonry-outerimage-container\"><div class='av-masonry-image-container' style=\"background-image: url(https:\/\/www.villa-palms.com\/wp-content\/uploads\/2017\/11\/1-po-redu.-AP-21-705x449.jpg);\"  ><\/div><\/div><\/figure><\/a><!--end av-masonry entry--><a href=\"https:\/\/www.villa-palms.com\/wp-content\/uploads\/2017\/11\/Bedroom-AP-21.jpg\" data-srcset=\"https:\/\/www.villa-palms.com\/wp-content\/uploads\/2017\/11\/Bedroom-AP-21.jpg 800w, https:\/\/www.villa-palms.com\/wp-content\/uploads\/2017\/11\/Bedroom-AP-21-300x191.jpg 300w, https:\/\/www.villa-palms.com\/wp-content\/uploads\/2017\/11\/Bedroom-AP-21-768x489.jpg 768w, https:\/\/www.villa-palms.com\/wp-content\/uploads\/2017\/11\/Bedroom-AP-21-705x449.jpg 705w, https:\/\/www.villa-palms.com\/wp-content\/uploads\/2017\/11\/Bedroom-AP-21-450x286.jpg 450w\" data-sizes=\"(max-width: 800px) 100vw, 800px\"  aria-label=\"image image with no title\"  id='av-masonry-1-item-1855' data-av-masonry-item='1855' class='av-masonry-entry isotope-item post-1855 attachment type-attachment status-inherit hentry  av-masonry-item-with-image' title=\"\" alt=\"\"   itemprop=\"thumbnailUrl\" ><div class='av-inner-masonry-sizer'><\/div><figure class='av-inner-masonry main_color'><div class=\"av-masonry-outerimage-container\"><div class='av-masonry-image-container' style=\"background-image: url(https:\/\/www.villa-palms.com\/wp-content\/uploads\/2017\/11\/Bedroom-AP-21-705x449.jpg);\"  ><\/div><\/div><\/figure><\/a><!--end av-masonry entry--><a href=\"https:\/\/www.villa-palms.com\/wp-content\/uploads\/2019\/08\/DSC_2998p-1-1030x687.jpg\" data-srcset=\"https:\/\/www.villa-palms.com\/wp-content\/uploads\/2019\/08\/DSC_2998p-1-1030x687.jpg 1030w, https:\/\/www.villa-palms.com\/wp-content\/uploads\/2019\/08\/DSC_2998p-1-300x200.jpg 300w, https:\/\/www.villa-palms.com\/wp-content\/uploads\/2019\/08\/DSC_2998p-1-768x512.jpg 768w, https:\/\/www.villa-palms.com\/wp-content\/uploads\/2019\/08\/DSC_2998p-1-1500x1000.jpg 1500w, https:\/\/www.villa-palms.com\/wp-content\/uploads\/2019\/08\/DSC_2998p-1-705x470.jpg 705w, https:\/\/www.villa-palms.com\/wp-content\/uploads\/2019\/08\/DSC_2998p-1-450x300.jpg 450w\" data-sizes=\"(max-width: 1030px) 100vw, 1030px\"  aria-label=\"image AP 2+1 Kitchen with dinning room\"  id='av-masonry-1-item-1914' data-av-masonry-item='1914' class='av-masonry-entry isotope-item post-1914 attachment type-attachment status-inherit hentry  av-masonry-item-with-image' title=\"AP 2+1 Kitchen with dinning room\" alt=\"\"   itemprop=\"thumbnailUrl\" ><div class='av-inner-masonry-sizer'><\/div><figure class='av-inner-masonry main_color'><div class=\"av-masonry-outerimage-container\"><div class='av-masonry-image-container' style=\"background-image: url(https:\/\/www.villa-palms.com\/wp-content\/uploads\/2019\/08\/DSC_2998p-1-705x470.jpg);\"  title=\"AP 2+1 Kitchen with dinning room\"  ><\/div><\/div><\/figure><\/a><!--end av-masonry entry--><a href=\"https:\/\/www.villa-palms.com\/wp-content\/uploads\/2017\/11\/45.jpg\" data-srcset=\"https:\/\/www.villa-palms.com\/wp-content\/uploads\/2017\/11\/45.jpg 506w, https:\/\/www.villa-palms.com\/wp-content\/uploads\/2017\/11\/45-169x300.jpg 169w, https:\/\/www.villa-palms.com\/wp-content\/uploads\/2017\/11\/45-396x705.jpg 396w, https:\/\/www.villa-palms.com\/wp-content\/uploads\/2017\/11\/45-450x800.jpg 450w\" data-sizes=\"(max-width: 506px) 100vw, 506px\"  aria-label=\"image image with no title\"  id='av-masonry-1-item-1906' data-av-masonry-item='1906' class='av-masonry-entry isotope-item post-1906 attachment type-attachment status-inherit hentry  av-masonry-item-with-image' title=\"\" alt=\"\"   itemprop=\"thumbnailUrl\" ><div class='av-inner-masonry-sizer'><\/div><figure class='av-inner-masonry main_color'><div class=\"av-masonry-outerimage-container\"><div class='av-masonry-image-container' style=\"background-image: url(https:\/\/www.villa-palms.com\/wp-content\/uploads\/2017\/11\/45-396x705.jpg);\"  ><\/div><\/div><\/figure><\/a><!--end av-masonry entry--><\/div><\/div><\/p>\n\n<style type=\"text\/css\" data-created_by=\"avia_inline_auto\" id=\"style-css-av-59bl3-c0c4e0d120f4f49719ab45cbe93229db\">\n#top .av-special-heading.av-59bl3-c0c4e0d120f4f49719ab45cbe93229db{\npadding-bottom:50px;\n}\nbody .av-special-heading.av-59bl3-c0c4e0d120f4f49719ab45cbe93229db .av-special-heading-tag .heading-char{\nfont-size:25px;\n}\n.av-special-heading.av-59bl3-c0c4e0d120f4f49719ab45cbe93229db .av-subheading{\nfont-size:15px;\n}\n<\/style>\n<div  class='av-special-heading av-59bl3-c0c4e0d120f4f49719ab45cbe93229db av-special-heading-h3 blockquote modern-quote modern-centered  avia-builder-el-12  el_after_av_masonry_gallery  el_before_av_one_full  avia-builder-el-first '><h3 class='av-special-heading-tag'  itemprop=\"headline\"  >OPREMA APARTMANA<\/h3><div class=\"special-heading-border\"><div class=\"special-heading-inner-border\"><\/div><\/div><\/div>\n\n<style type=\"text\/css\" data-created_by=\"avia_inline_auto\" id=\"style-css-av-19d24f-e8bbbbcb3982f1024f902a86596cd45a\">\n.flex_column.av-19d24f-e8bbbbcb3982f1024f902a86596cd45a{\nborder-radius:0px 0px 0px 0px;\n-webkit-border-radius:0px 0px 0px 0px;\n-moz-border-radius:0px 0px 0px 0px;\n}\n<\/style>\n<div class='flex_column av-19d24f-e8bbbbcb3982f1024f902a86596cd45a av_one_full  avia-builder-el-13  el_after_av_heading  el_before_av_heading  first flex_column_div av-zero-column-padding '   ><section  class='av_textblock_section av-12so3b-98872ac85463d3031f01bf7501bb99e0'  itemscope=\"itemscope\" itemtype=\"https:\/\/schema.org\/CreativeWork\" ><div class='avia_textblock'  itemprop=\"text\" ><ul>\n<li>broj le\u017eaja: ( 2+1)<\/li>\n<li>Soba: ( bra\u010dni krevet + pomo\u0107ni le\u017eaj za dijete, posteljina ) \u2013 bez pogleda na more)<\/li>\n<li>Kuhinja s blagovaonicom: (TV\/SAT, stol i 4 stolice, hladnjak, zamrziva\u010d, mikrovalna, \u0161tednjak na struju, sudoper, aparat za grijanje vode, kompletno posu\u0111e, kuhinjske krpe)<\/li>\n<li>kupaonica: (tu\u0161, WC, umivaonik, ru\u010dnici, sapun, WC papir)<\/li>\n<li>balkon: ( natkriven, garnitura za sjedenje )<\/li>\n<li>internet: (Wi-Fi be\u017ei\u010dni internet)<\/li>\n<li>klimatizacija: (u prostoru kuhinje s blagovaonicom se nalazi klima ure\u0111aj za cijeli apartman .Klima ure\u0111aj ima \u010dip karticu koja se programira na odre\u0111eni broj sati koliko vi \u017eelite potro\u0161iti.Kori\u0161tenje klima ure\u0111aja je djelomi\u010dno uklju\u010dena u cijenu-6 sati kori\u0161tenja na dan a ostatak se pla\u0107a dodatno.)<\/li>\n<\/ul>\n<\/div><\/section><br \/>\n<div id='avia-messagebox-' class='avia_message_box av_notification av-v2dkn-dff6dd04653b742e9b3c1fa180a4f008 avia-color-silver avia-size-normal avia-icon_select-no avia-border-  avia-builder-el-15  el_after_av_textblock  avia-builder-el-last ' ><div class=\"avia_message_box_content\"><p>napomena: (ku\u0107ni ljubimci nisu dozvoljeni, pu\u0161enje nije dozvoljeno u zatvorenom prostoru)<\/p>\n<\/div><\/div><\/p><\/div>\n\n<style type=\"text\/css\" data-created_by=\"avia_inline_auto\" id=\"style-css-av-oyu0v-f0c5cf94b9801006eb3a5d43b9c484f0\">\n#top .av-special-heading.av-oyu0v-f0c5cf94b9801006eb3a5d43b9c484f0{\npadding-bottom:50px;\n}\nbody .av-special-heading.av-oyu0v-f0c5cf94b9801006eb3a5d43b9c484f0 .av-special-heading-tag .heading-char{\nfont-size:25px;\n}\n.av-special-heading.av-oyu0v-f0c5cf94b9801006eb3a5d43b9c484f0 .av-subheading{\nfont-size:15px;\n}\n<\/style>\n<div  class='av-special-heading av-oyu0v-f0c5cf94b9801006eb3a5d43b9c484f0 av-special-heading-h3 blockquote modern-quote modern-centered  avia-builder-el-16  el_after_av_one_full  el_before_av_one_full '><h3 class='av-special-heading-tag'  itemprop=\"headline\"  >CIJENIK<\/h3><div class=\"special-heading-border\"><div class=\"special-heading-inner-border\"><\/div><\/div><\/div>\n\n<style type=\"text\/css\" data-created_by=\"avia_inline_auto\" id=\"style-css-av-l671j-604ae9ba7dedbadc7a8030290646b200\">\n.flex_column.av-l671j-604ae9ba7dedbadc7a8030290646b200{\nborder-radius:0px 0px 0px 0px;\n-webkit-border-radius:0px 0px 0px 0px;\n-moz-border-radius:0px 0px 0px 0px;\n}\n<\/style>\n<div class='flex_column av-l671j-604ae9ba7dedbadc7a8030290646b200 av_one_full  avia-builder-el-17  el_after_av_heading  el_before_av_button_big  avia-builder-el-last  first flex_column_div av-zero-column-padding '   ><section  class='av_textblock_section av-g75tr-73cb9cbe27399997a17994fdfc48b09c'  itemscope=\"itemscope\" itemtype=\"https:\/\/schema.org\/CreativeWork\" ><div class='avia_textblock'  itemprop=\"text\" >\n<table id=\"tablepress-4\" class=\"tablepress tablepress-id-4 tbody-has-connected-cells\">\n<thead>\n<tr class=\"row-1\">\n\t<td class=\"column-1\"><\/td><th class=\"column-2\">01.04.-30.04.<br \/>\n<br \/>\n01.10.-31.10.<\/th><th class=\"column-3\">01.05.-30.05.<br \/>\n<\/th><th class=\"column-4\">01.06-30.06.<br \/>\n1.09.-30.09<\/th><th class=\"column-5\">01.07.-31.08.<\/th>\n<\/tr>\n<\/thead>\n<tbody class=\"row-striping row-hover\">\n<tr class=\"row-2\">\n\t<td class=\"column-1\">cijena apartman\/dan<\/td><td class=\"column-2\">65 \u20ac<br \/>\n<\/td><td class=\"column-3\">70 \u20ac<\/td><td class=\"column-4\">90 \u20ac<\/td><td class=\"column-5\">130 \u20ac<\/td>\n<\/tr>\n<tr class=\"row-3\">\n\t<td class=\"column-1\">broj osoba<\/td><td colspan=\"4\" class=\"column-2\">2 osobe<\/td>\n<\/tr>\n<tr class=\"row-4\">\n\t<td class=\"column-1\">smjena<\/td><td colspan=\"4\" class=\"column-2\">svaki dan<\/td>\n<\/tr>\n<tr class=\"row-5\">\n\t<td class=\"column-1\">minimalni boravak (dana)<\/td><td class=\"column-2\">1<br \/>\n<\/td><td class=\"column-3\">2<\/td><td class=\"column-4\">5<\/td><td class=\"column-5\">7<br \/>\n<\/td>\n<\/tr>\n<tr class=\"row-6\">\n\t<td class=\"column-1\">nadoplata<\/td><td colspan=\"4\" class=\"column-2\">(+1) - nadoplata 15 euro na dan<\/td>\n<\/tr>\n<\/tbody>\n<\/table>\n<!-- #tablepress-4 from cache -->\n<\/div><\/section><\/div>\n<div  class='avia-button-wrap avia-button-center  avia-builder-el-19  el_after_av_one_full  avia-builder-el-last ' >\n<style type=\"text\/css\" data-created_by=\"avia_inline_auto\" id=\"style-css-av-94bfz-ba46fb3bf4f8ae1170881aca6efcb255\">\n#top #wrap_all .avia-button.av-94bfz-ba46fb3bf4f8ae1170881aca6efcb255{\ncolor:#ffffff;\ntransition:all 0.4s ease-in-out;\n-webkit-transition:all 0.4s ease-in-out;\n-moz-transition:all 0.4s ease-in-out;\n-ms-transition:all 0.4s ease-in-out;\n-o-transition:all 0.4s ease-in-out;\n}\n#top #wrap_all .avia-button.av-94bfz-ba46fb3bf4f8ae1170881aca6efcb255:hover{\nbackground-color:orange;\ncolor:#ffffff;\ntransition:all 0.4s ease-in-out;\n-webkit-transition:all 0.4s ease-in-out;\n-moz-transition:all 0.4s ease-in-out;\n-ms-transition:all 0.4s ease-in-out;\n-o-transition:all 0.4s ease-in-out;\n}\n<\/style>\n<a href='https:\/\/www.villa-palms.com\/hr\/apartmani\/' class='avia-color-theme-color avia-button avia-button-fullwidth av-94bfz-ba46fb3bf4f8ae1170881aca6efcb255 avia-icon_select-no avia-color-theme-color' ><span class='avia_iconbox_title' >POGLEDAJ OSTALE APARTMANE<\/span><\/a><\/div>\n","protected":false},"excerpt":{"rendered":"","protected":false},"author":1,"featured_media":0,"parent":0,"menu_order":0,"comment_status":"closed","ping_status":"closed","template":"","meta":{"footnotes":""},"class_list":["post-999","page","type-page","status-publish","hentry"],"_links":{"self":[{"href":"https:\/\/www.villa-palms.com\/hr\/wp-json\/wp\/v2\/pages\/999","targetHints":{"allow":["GET"]}}],"collection":[{"href":"https:\/\/www.villa-palms.com\/hr\/wp-json\/wp\/v2\/pages"}],"about":[{"href":"https:\/\/www.villa-palms.com\/hr\/wp-json\/wp\/v2\/types\/page"}],"author":[{"embeddable":true,"href":"https:\/\/www.villa-palms.com\/hr\/wp-json\/wp\/v2\/users\/1"}],"replies":[{"embeddable":true,"href":"https:\/\/www.villa-palms.com\/hr\/wp-json\/wp\/v2\/comments?post=999"}],"version-history":[{"count":22,"href":"https:\/\/www.villa-palms.com\/hr\/wp-json\/wp\/v2\/pages\/999\/revisions"}],"predecessor-version":[{"id":2137,"href":"https:\/\/www.villa-palms.com\/hr\/wp-json\/wp\/v2\/pages\/999\/revisions\/2137"}],"wp:attachment":[{"href":"https:\/\/www.villa-palms.com\/hr\/wp-json\/wp\/v2\/media?parent=999"}],"curies":[{"name":"wp","href":"https:\/\/api.w.org\/{rel}","templated":true}]}}